{"id":19277,"date":"2020-12-30T03:22:01","date_gmt":"2020-12-30T03:22:01","guid":{"rendered":"https:\/\/floracarpet.eu\/best-selling\/"},"modified":"2024-01-09T09:26:54","modified_gmt":"2024-01-09T09:26:54","slug":"best-selling","status":"publish","type":"page","link":"https:\/\/floracarpet.eu\/en\/best-selling\/","title":{"rendered":"Best Selling"},"content":{"rendered":"\t\t<div data-elementor-type=\"wp-page\" data-elementor-id=\"19277\" class=\"elementor elementor-19277 elementor-7084\">\n\t\t\t\t\t\t<section class=\"elementor-section elementor-top-section elementor-element elementor-element-0197311 elementor-section-boxed elementor-section-height-default elementor-section-height-default\" data-id=\"0197311\" data-element_type=\"section\" data-e-type=\"section\">\n\t\t\t\t\t\t<div class=\"elementor-container elementor-column-gap-default\">\n\t\t\t\t\t<div class=\"elementor-column elementor-col-100 elementor-top-column elementor-element elementor-element-475a50c\" data-id=\"475a50c\" data-element_type=\"column\" data-e-type=\"column\">\n\t\t\t<div class=\"elementor-widget-wrap elementor-element-populated\">\n\t\t\t\t\t\t<div class=\"elementor-element elementor-element-8d741b9 elementor-widget elementor-widget-razzi-products-grid\" data-id=\"8d741b9\" data-element_type=\"widget\" data-e-type=\"widget\" data-settings=\"{&quot;products&quot;:&quot;best_selling&quot;,&quot;per_page&quot;:8,&quot;columns&quot;:4}\" data-widget_type=\"razzi-products-grid.default\">\n\t\t\t\t<div class=\"elementor-widget-container\">\n\t\t\t\t\t\t\t<div class=\"razzi-products-grid woocommerce\">\r\n\t\t\t<div class=\"product-content\"><ul class=\"products columns-4\">\n<li class=\"product type-product post-17780 status-publish first instock product_cat-lotus product_cat-polyester product_cat-wohnzimmer product_tag-bettvorleger product_tag-carpet product_tag-dekoration product_tag-fussbodenheizung product_tag-haushalt product_tag-kinderzimmer product_tag-kueche product_tag-kurzflor product_tag-laeufer product_tag-marmor-optik product_tag-microfasern product_tag-oriental product_tag-orientalisch product_tag-orientalische-teppiche product_tag-original-perser product_tag-perser product_tag-perser-teppich product_tag-schlafzimmer product_tag-teppich product_tag-teppiche product_tag-teppichlaeufer product_tag-wohnzimmer has-post-thumbnail purchasable product-type-variable has-default-attributes\">\n\t<a href=\"https:\/\/floracarpet.eu\/produkt\/6035a-phuket\/\" class=\"woocommerce-LoopProduct-link woocommerce-loop-product__link\"><img fetchpriority=\"high\" decoding=\"async\" width=\"370\" height=\"592\" src=\"https:\/\/floracarpet.eu\/wp-content\/uploads\/2022\/04\/6035A-Grey-1-370x592.jpeg\" class=\"attachment-woocommerce_thumbnail size-woocommerce_thumbnail\" alt=\"6035 Phuket\" srcset=\"https:\/\/floracarpet.eu\/wp-content\/uploads\/2022\/04\/6035A-Grey-1-370x592.jpeg 370w, https:\/\/floracarpet.eu\/wp-content\/uploads\/2022\/04\/6035A-Grey-1-130x208.jpeg 130w\" sizes=\"(max-width: 370px) 100vw, 370px\" \/><h2 class=\"woocommerce-loop-product__title\">6035 Phuket<\/h2>\n\t<span class=\"price\"><span class=\"woocommerce-Price-amount amount\" aria-hidden=\"true\"><bdi>99.99<span class=\"woocommerce-Price-currencySymbol\">&euro;<\/span><\/bdi><\/span> <span aria-hidden=\"true\">&ndash;<\/span> <span class=\"woocommerce-Price-amount amount\" aria-hidden=\"true\"><bdi>309.99<span class=\"woocommerce-Price-currencySymbol\">&euro;<\/span><\/bdi><\/span><span class=\"screen-reader-text\">Price range: 99.99&euro; through 309.99&euro;<\/span><\/span>\n<\/a><a href=\"https:\/\/floracarpet.eu\/produkt\/6035a-phuket\/\" aria-describedby=\"woocommerce_loop_add_to_cart_link_describedby_17780\" data-quantity=\"1\" class=\"button product_type_variable add_to_cart_button\" data-product_id=\"17780\" data-product_sku=\"\" aria-label=\"Select options for &ldquo;6035 Phuket&rdquo;\" rel=\"nofollow\">Select options<\/a>\t<span id=\"woocommerce_loop_add_to_cart_link_describedby_17780\" class=\"screen-reader-text\">\n\t\tThis product has multiple variants. The options may be chosen on the product page\t<\/span>\n<\/li>\n<li class=\"product type-product post-12547 status-publish instock product_cat-frize product_cat-gabeh product_cat-wohnzimmer product_tag-bettvorleger product_tag-carpet product_tag-dekoration product_tag-fussbodenheizung product_tag-haushalt product_tag-kinderzimmer product_tag-kueche product_tag-kurzflor product_tag-laeufer product_tag-marmor-optik product_tag-microfasern product_tag-oriental product_tag-orientalisch product_tag-orientalische-teppiche product_tag-original-perser product_tag-perser product_tag-perser-teppich product_tag-schlafzimmer product_tag-teppich product_tag-teppiche product_tag-teppichlaeufer product_tag-wohnzimmer has-post-thumbnail purchasable product-type-variable\">\n\t<a href=\"https:\/\/floracarpet.eu\/produkt\/1002-lagos\/\" class=\"woocommerce-LoopProduct-link woocommerce-loop-product__link\"><img decoding=\"async\" width=\"370\" height=\"592\" src=\"https:\/\/floracarpet.eu\/wp-content\/uploads\/2024\/02\/1002-Brown-3-370x592.jpg\" class=\"attachment-woocommerce_thumbnail size-woocommerce_thumbnail\" alt=\"1002 Lagos\" srcset=\"https:\/\/floracarpet.eu\/wp-content\/uploads\/2024\/02\/1002-Brown-3-370x592.jpg 370w, https:\/\/floracarpet.eu\/wp-content\/uploads\/2024\/02\/1002-Brown-3-130x208.jpg 130w\" sizes=\"(max-width: 370px) 100vw, 370px\" \/><h2 class=\"woocommerce-loop-product__title\">1002 Lagos<\/h2>\n\t<span class=\"price\"><span class=\"woocommerce-Price-amount amount\" aria-hidden=\"true\"><bdi>44.99<span class=\"woocommerce-Price-currencySymbol\">&euro;<\/span><\/bdi><\/span> <span aria-hidden=\"true\">&ndash;<\/span> <span class=\"woocommerce-Price-amount amount\" aria-hidden=\"true\"><bdi>139.99<span class=\"woocommerce-Price-currencySymbol\">&euro;<\/span><\/bdi><\/span><span class=\"screen-reader-text\">Price range: 44.99&euro; through 139.99&euro;<\/span><\/span>\n<\/a><a href=\"https:\/\/floracarpet.eu\/produkt\/1002-lagos\/\" aria-describedby=\"woocommerce_loop_add_to_cart_link_describedby_12547\" data-quantity=\"1\" class=\"button product_type_variable add_to_cart_button\" data-product_id=\"12547\" data-product_sku=\"\" aria-label=\"Select options for &ldquo;1002 Lagos&rdquo;\" rel=\"nofollow\">Select options<\/a>\t<span id=\"woocommerce_loop_add_to_cart_link_describedby_12547\" class=\"screen-reader-text\">\n\t\tThis product has multiple variants. The options may be chosen on the product page\t<\/span>\n<\/li>\n<li class=\"product type-product post-17443 status-publish instock product_cat-fell product_cat-olympos product_cat-wohnzimmer product_tag-bettvorleger product_tag-carpet product_tag-dekoration product_tag-fussbodenheizung product_tag-haushalt product_tag-kinderzimmer product_tag-kueche product_tag-kurzflor product_tag-laeufer product_tag-marmor-optik product_tag-microfasern product_tag-oriental product_tag-orientalisch product_tag-orientalische-teppiche product_tag-original-perser product_tag-perser product_tag-perser-teppich product_tag-schlafzimmer product_tag-teppich product_tag-teppiche product_tag-teppichlaeufer product_tag-wohnzimmer has-post-thumbnail purchasable product-type-variable\">\n\t<a href=\"https:\/\/floracarpet.eu\/en\/produkt\/3550-stockholm\/\" class=\"woocommerce-LoopProduct-link woocommerce-loop-product__link\"><img decoding=\"async\" width=\"370\" height=\"592\" src=\"https:\/\/floracarpet.eu\/wp-content\/uploads\/2024\/02\/3550-Anthracite-5-370x592.jpg\" class=\"attachment-woocommerce_thumbnail size-woocommerce_thumbnail\" alt=\"3550 Stockholm\" srcset=\"https:\/\/floracarpet.eu\/wp-content\/uploads\/2024\/02\/3550-Anthracite-5-370x592.jpg 370w, https:\/\/floracarpet.eu\/wp-content\/uploads\/2024\/02\/3550-Anthracite-5-130x208.jpg 130w\" sizes=\"(max-width: 370px) 100vw, 370px\" \/><h2 class=\"woocommerce-loop-product__title\">3550 Stockholm<\/h2>\n\t<span class=\"price\"><span class=\"woocommerce-Price-amount amount\" aria-hidden=\"true\"><bdi>79.99<span class=\"woocommerce-Price-currencySymbol\">&euro;<\/span><\/bdi><\/span> <span aria-hidden=\"true\">&ndash;<\/span> <span class=\"woocommerce-Price-amount amount\" aria-hidden=\"true\"><bdi>379.99<span class=\"woocommerce-Price-currencySymbol\">&euro;<\/span><\/bdi><\/span><span class=\"screen-reader-text\">Price range: 79.99&euro; through 379.99&euro;<\/span><\/span>\n<\/a><a href=\"https:\/\/floracarpet.eu\/en\/produkt\/3550-stockholm\/\" aria-describedby=\"woocommerce_loop_add_to_cart_link_describedby_17443\" data-quantity=\"1\" class=\"button product_type_variable add_to_cart_button\" data-product_id=\"17443\" data-product_sku=\"\" aria-label=\"Select options for &ldquo;3550 Stockholm&rdquo;\" rel=\"nofollow\">Select options<\/a>\t<span id=\"woocommerce_loop_add_to_cart_link_describedby_17443\" class=\"screen-reader-text\">\n\t\tThis product has multiple variants. The options may be chosen on the product page\t<\/span>\n<\/li>\n<li class=\"product type-product post-21306 status-publish last instock product_cat-badematte product_cat-badezimmer product_cat-waschbare product_tag-badematte product_tag-badezimmer product_tag-fussboden-heizung product_tag-laeufer product_tag-teppich product_tag-teppichlaeufer product_tag-waschbar product_tag-waschbare-teppiche has-post-thumbnail purchasable product-type-variable has-default-attributes\">\n\t<a href=\"https:\/\/floracarpet.eu\/en\/produkt\/1399-fluffy\/\" class=\"woocommerce-LoopProduct-link woocommerce-loop-product__link\"><img loading=\"lazy\" decoding=\"async\" width=\"370\" height=\"592\" src=\"https:\/\/floracarpet.eu\/wp-content\/uploads\/2024\/03\/Anthracite-3-370x592.jpg\" class=\"attachment-woocommerce_thumbnail size-woocommerce_thumbnail\" alt=\"1399 Badematte\" srcset=\"https:\/\/floracarpet.eu\/wp-content\/uploads\/2024\/03\/Anthracite-3-370x592.jpg 370w, https:\/\/floracarpet.eu\/wp-content\/uploads\/2024\/03\/Anthracite-3-130x208.jpg 130w\" sizes=\"(max-width: 370px) 100vw, 370px\" \/><h2 class=\"woocommerce-loop-product__title\">1399 Badematte<\/h2>\n\t<span class=\"price\"><span class=\"woocommerce-Price-amount amount\"><bdi>34.99<span class=\"woocommerce-Price-currencySymbol\">&euro;<\/span><\/bdi><\/span><\/span>\n<\/a><a href=\"https:\/\/floracarpet.eu\/en\/produkt\/1399-fluffy\/\" aria-describedby=\"woocommerce_loop_add_to_cart_link_describedby_21306\" data-quantity=\"1\" class=\"button product_type_variable add_to_cart_button\" data-product_id=\"21306\" data-product_sku=\"1399\" aria-label=\"Select options for &ldquo;1399 Badematte&rdquo;\" rel=\"nofollow\">Select options<\/a>\t<span id=\"woocommerce_loop_add_to_cart_link_describedby_21306\" class=\"screen-reader-text\">\n\t\tThis product has multiple variants. The options may be chosen on the product page\t<\/span>\n<\/li>\n<li class=\"product type-product post-21032 status-publish first instock product_cat-lotus product_cat-polyester product_cat-wohnzimmer product_tag-bettvorleger product_tag-carpet product_tag-dekoration product_tag-fussbodenheizung product_tag-haushalt product_tag-kinderzimmer product_tag-kueche product_tag-kurzflor product_tag-laeufer product_tag-marmor-optik product_tag-microfasern product_tag-oriental product_tag-orientalisch product_tag-orientalische-teppiche product_tag-original-perser product_tag-perser product_tag-perser-teppich product_tag-schlafzimmer product_tag-teppich product_tag-teppiche product_tag-teppichlaeufer product_tag-wohnzimmer has-post-thumbnail purchasable product-type-variable has-default-attributes\">\n\t<a href=\"https:\/\/floracarpet.eu\/en\/produkt\/2391-vlora\/\" class=\"woocommerce-LoopProduct-link woocommerce-loop-product__link\"><img loading=\"lazy\" decoding=\"async\" width=\"370\" height=\"592\" src=\"https:\/\/floracarpet.eu\/wp-content\/uploads\/2024\/03\/2391-Grey-3-370x592.jpg\" class=\"attachment-woocommerce_thumbnail size-woocommerce_thumbnail\" alt=\"2391 Vlora\" srcset=\"https:\/\/floracarpet.eu\/wp-content\/uploads\/2024\/03\/2391-Grey-3-370x592.jpg 370w, https:\/\/floracarpet.eu\/wp-content\/uploads\/2024\/03\/2391-Grey-3-130x208.jpg 130w\" sizes=\"(max-width: 370px) 100vw, 370px\" \/><h2 class=\"woocommerce-loop-product__title\">2391 Vlora<\/h2>\n\t<span class=\"price\"><span class=\"woocommerce-Price-amount amount\" aria-hidden=\"true\"><bdi>99.99<span class=\"woocommerce-Price-currencySymbol\">&euro;<\/span><\/bdi><\/span> <span aria-hidden=\"true\">&ndash;<\/span> <span class=\"woocommerce-Price-amount amount\" aria-hidden=\"true\"><bdi>309.99<span class=\"woocommerce-Price-currencySymbol\">&euro;<\/span><\/bdi><\/span><span class=\"screen-reader-text\">Price range: 99.99&euro; through 309.99&euro;<\/span><\/span>\n<\/a><a href=\"https:\/\/floracarpet.eu\/en\/produkt\/2391-vlora\/\" aria-describedby=\"woocommerce_loop_add_to_cart_link_describedby_21032\" data-quantity=\"1\" class=\"button product_type_variable add_to_cart_button\" data-product_id=\"21032\" data-product_sku=\"\" aria-label=\"Select options for &ldquo;2391 Vlora&rdquo;\" rel=\"nofollow\">Select options<\/a>\t<span id=\"woocommerce_loop_add_to_cart_link_describedby_21032\" class=\"screen-reader-text\">\n\t\tThis product has multiple variants. The options may be chosen on the product page\t<\/span>\n<\/li>\n<li class=\"product type-product post-24616 status-publish instock product_cat-esszimmer product_cat-schlafzimmer product_cat-trend product_cat-wohnzimmer has-post-thumbnail sale purchasable product-type-variable\">\n\t<a href=\"https:\/\/floracarpet.eu\/en\/produkt\/2228-grey\/\" class=\"woocommerce-LoopProduct-link woocommerce-loop-product__link\">\n\t<span class=\"onsale\">Sale!<\/span>\n\t<img loading=\"lazy\" decoding=\"async\" width=\"370\" height=\"592\" src=\"https:\/\/floracarpet.eu\/wp-content\/uploads\/2024\/09\/2228-4-370x592.jpg\" class=\"attachment-woocommerce_thumbnail size-woocommerce_thumbnail\" alt=\"2228 Grey\" srcset=\"https:\/\/floracarpet.eu\/wp-content\/uploads\/2024\/09\/2228-4-370x592.jpg 370w, https:\/\/floracarpet.eu\/wp-content\/uploads\/2024\/09\/2228-4-130x208.jpg 130w\" sizes=\"(max-width: 370px) 100vw, 370px\" \/><h2 class=\"woocommerce-loop-product__title\">2228 Grey<\/h2>\n\t<span class=\"price\"><span class=\"woocommerce-Price-amount amount\" aria-hidden=\"true\"><bdi>34.99<span class=\"woocommerce-Price-currencySymbol\">&euro;<\/span><\/bdi><\/span> <span aria-hidden=\"true\">&ndash;<\/span> <span class=\"woocommerce-Price-amount amount\" aria-hidden=\"true\"><bdi>219.99<span class=\"woocommerce-Price-currencySymbol\">&euro;<\/span><\/bdi><\/span><span class=\"screen-reader-text\">Price range: 34.99&euro; through 219.99&euro;<\/span><\/span>\n<\/a><a href=\"https:\/\/floracarpet.eu\/en\/produkt\/2228-grey\/\" aria-describedby=\"woocommerce_loop_add_to_cart_link_describedby_24616\" data-quantity=\"1\" class=\"button product_type_variable add_to_cart_button\" data-product_id=\"24616\" data-product_sku=\"\" aria-label=\"Select options for &ldquo;2228 Grey&rdquo;\" rel=\"nofollow\">Select options<\/a>\t<span id=\"woocommerce_loop_add_to_cart_link_describedby_24616\" class=\"screen-reader-text\">\n\t\tThis product has multiple variants. The options may be chosen on the product page\t<\/span>\n<\/li>\n<li class=\"product type-product post-13285 status-publish instock product_cat-shaggy product_cat-tiara product_cat-wohnzimmer product_tag-bettvorleger product_tag-carpet product_tag-dekoration product_tag-fussbodenheizung product_tag-haushalt product_tag-kinderzimmer product_tag-kueche product_tag-kurzflor product_tag-laeufer product_tag-marmor-optik product_tag-microfasern product_tag-oriental product_tag-orientalisch product_tag-orientalische-teppiche product_tag-original-perser product_tag-perser product_tag-perser-teppich product_tag-schlafzimmer product_tag-teppich product_tag-teppiche product_tag-teppichlaeufer product_tag-wohnzimmer has-post-thumbnail purchasable product-type-variable\">\n\t<a href=\"https:\/\/floracarpet.eu\/produkt\/t1b33-malaga\/\" class=\"woocommerce-LoopProduct-link woocommerce-loop-product__link\"><img loading=\"lazy\" decoding=\"async\" width=\"370\" height=\"592\" src=\"https:\/\/floracarpet.eu\/wp-content\/uploads\/2022\/03\/TI\u0307ARA-PLAIN-33-L.BROWN_-370x592.jpeg\" class=\"attachment-woocommerce_thumbnail size-woocommerce_thumbnail\" alt=\"T1B33 Malaga\" srcset=\"https:\/\/floracarpet.eu\/wp-content\/uploads\/2022\/03\/TI\u0307ARA-PLAIN-33-L.BROWN_-370x592.jpeg 370w, https:\/\/floracarpet.eu\/wp-content\/uploads\/2022\/03\/TI\u0307ARA-PLAIN-33-L.BROWN_-130x208.jpeg 130w, https:\/\/floracarpet.eu\/wp-content\/uploads\/2022\/03\/TI\u0307ARA-PLAIN-33-L.BROWN_-450x720.jpeg 450w\" sizes=\"(max-width: 370px) 100vw, 370px\" \/><h2 class=\"woocommerce-loop-product__title\">T1B33 Malaga<\/h2>\n\t<span class=\"price\"><span class=\"woocommerce-Price-amount amount\" aria-hidden=\"true\"><bdi>44.99<span class=\"woocommerce-Price-currencySymbol\">&euro;<\/span><\/bdi><\/span> <span aria-hidden=\"true\">&ndash;<\/span> <span class=\"woocommerce-Price-amount amount\" aria-hidden=\"true\"><bdi>189.99<span class=\"woocommerce-Price-currencySymbol\">&euro;<\/span><\/bdi><\/span><span class=\"screen-reader-text\">Price range: 44.99&euro; through 189.99&euro;<\/span><\/span>\n<\/a><a href=\"https:\/\/floracarpet.eu\/produkt\/t1b33-malaga\/\" aria-describedby=\"woocommerce_loop_add_to_cart_link_describedby_13285\" data-quantity=\"1\" class=\"button product_type_variable add_to_cart_button\" data-product_id=\"13285\" data-product_sku=\"\" aria-label=\"Select options for &ldquo;T1B33 Malaga&rdquo;\" rel=\"nofollow\">Select options<\/a>\t<span id=\"woocommerce_loop_add_to_cart_link_describedby_13285\" class=\"screen-reader-text\">\n\t\tThis product has multiple variants. The options may be chosen on the product page\t<\/span>\n<\/li>\n<li class=\"product type-product post-24806 status-publish last instock product_cat-esszimmer product_cat-faro product_cat-schlafzimmer product_cat-shaggy product_cat-wohnzimmer has-post-thumbnail taxable shipping-taxable product-type-variable\">\n\t<a href=\"https:\/\/floracarpet.eu\/en\/produkt\/2522-anthracite\/\" class=\"woocommerce-LoopProduct-link woocommerce-loop-product__link\"><img loading=\"lazy\" decoding=\"async\" width=\"370\" height=\"592\" src=\"https:\/\/floracarpet.eu\/wp-content\/uploads\/2024\/09\/2522-Anthracite-3-370x592.jpg\" class=\"attachment-woocommerce_thumbnail size-woocommerce_thumbnail\" alt=\"2522 Anthracite \/ Beige \/ Cream\" srcset=\"https:\/\/floracarpet.eu\/wp-content\/uploads\/2024\/09\/2522-Anthracite-3-370x592.jpg 370w, https:\/\/floracarpet.eu\/wp-content\/uploads\/2024\/09\/2522-Anthracite-3-130x208.jpg 130w\" sizes=\"(max-width: 370px) 100vw, 370px\" \/><h2 class=\"woocommerce-loop-product__title\">2522 Anthracite \/ Beige \/ Cream<\/h2>\n<\/a><a href=\"https:\/\/floracarpet.eu\/en\/produkt\/2522-anthracite\/\" aria-describedby=\"woocommerce_loop_add_to_cart_link_describedby_24806\" data-quantity=\"1\" class=\"button product_type_variable\" data-product_id=\"24806\" data-product_sku=\"\" aria-label=\"Select options for &ldquo;2522 Anthracite \/ Beige \/ Cream&rdquo;\" rel=\"nofollow\">Read more<\/a>\t<span id=\"woocommerce_loop_add_to_cart_link_describedby_24806\" class=\"screen-reader-text\">\n\t\t\t<\/span>\n<\/li>\n<\/ul>\n<\/div><a href=\"#\" class=\"ajax-load-products razzi-button button-larger \" data-page=\"2\" rel=\"nofollow\">\r\n\t\t\t\t\t\t\t\t\t<span class=\"button-text\">Daha fazla y\u00fckle<\/span>\r\n\t\t\t\t\t\t\t\t\t<span class=\"dots razzi-gooey\">\r\n\t\t\t\t\t\t\t\t\t\t<span><\/span>\r\n\t\t\t\t\t\t\t\t\t\t<span><\/span>\r\n\t\t\t\t\t\t\t\t\t\t<span><\/span>\r\n\t\t\t\t\t\t\t\t\t<\/span>\r\n\t\t\t\t\t\t\t\t<\/a>\t\t<\/div>\r\n\t\t\t\t\t\t<\/div>\n\t\t\t\t<\/div>\n\t\t\t\t\t<\/div>\n\t\t<\/div>\n\t\t\t\t\t<\/div>\n\t\t<\/section>\n\t\t\t\t<\/div>\n\t\t","protected":false},"excerpt":{"rendered":"<p>6035A Grey 83.19&euro; plus shipping Se\u00e7enekler 1002A D.Brown-L.Beige 83.19&euro; plus shipping Se\u00e7enekler 8547A-Brown 83.19&euro; plus shipping Se\u00e7enekler Elegance Green 83.19&euro; plus shipping Se\u00e7enekler 8930A D. Grey 83.19&euro; plus shipping Se\u00e7enekler 1525A Brown 83.19&euro; plus shipping Se\u00e7enekler 1042A D.Brown 83.19&euro; plus shipping Se\u00e7enekler 2437C-Bone 83.19&euro; plus shipping Se\u00e7enekler Daha fazla y\u00fckle<\/p>\n","protected":false},"author":1,"featured_media":0,"parent":0,"menu_order":0,"comment_status":"closed","ping_status":"closed","template":"","meta":{"footnotes":""},"class_list":["post-19277","page","type-page","status-publish","hentry"],"_links":{"self":[{"href":"https:\/\/floracarpet.eu\/en\/wp-json\/wp\/v2\/pages\/19277","targetHints":{"allow":["GET"]}}],"collection":[{"href":"https:\/\/floracarpet.eu\/en\/wp-json\/wp\/v2\/pages"}],"about":[{"href":"https:\/\/floracarpet.eu\/en\/wp-json\/wp\/v2\/types\/page"}],"author":[{"embeddable":true,"href":"https:\/\/floracarpet.eu\/en\/wp-json\/wp\/v2\/users\/1"}],"replies":[{"embeddable":true,"href":"https:\/\/floracarpet.eu\/en\/wp-json\/wp\/v2\/comments?post=19277"}],"version-history":[{"count":1,"href":"https:\/\/floracarpet.eu\/en\/wp-json\/wp\/v2\/pages\/19277\/revisions"}],"predecessor-version":[{"id":19278,"href":"https:\/\/floracarpet.eu\/en\/wp-json\/wp\/v2\/pages\/19277\/revisions\/19278"}],"wp:attachment":[{"href":"https:\/\/floracarpet.eu\/en\/wp-json\/wp\/v2\/media?parent=19277"}],"curies":[{"name":"wp","href":"https:\/\/api.w.org\/{rel}","templated":true}]}}