{"id":15305,"date":"2022-03-22T07:31:16","date_gmt":"2022-03-22T07:31:16","guid":{"rendered":"http:\/\/devel.florahome.eu\/product\/saphira-gold-38821-gold\/"},"modified":"2024-07-09T11:49:27","modified_gmt":"2024-07-09T11:49:27","slug":"3885-boston","status":"publish","type":"product","link":"https:\/\/floracarpet.eu\/en\/product\/3885-boston\/","title":{"rendered":"3885 Boston"},"content":{"rendered":"<p>Unser hochwertiger Kurzflorteppich Flora <strong>Boston<\/strong>\u00a0ist das moderne Gestaltungselement, welches Ihren R\u00e4umlichkeiten nicht nur eine stylishe, sondern auch eine elegante und zugleich gem\u00fctliche Wohlf\u00fchl-Atmosph\u00e4re verleiht.<\/p>\n","protected":false},"excerpt":{"rendered":"<ul class=\"pl_list--unordered\">\n<li>Schadstoffgepr\u00fcft und zertifiziert<\/li>\n<li>PP Heatset<\/li>\n<li>Polyester<\/li>\n<li>Shining Polyeste<\/li>\n<li>Marmor-Optik<\/li>\n<\/ul>\n","protected":false},"featured_media":23071,"comment_status":"open","ping_status":"closed","template":"","meta":[],"product_cat":[329,214,633],"product_tag":[742,743,744,745,746,747,748,749,750,751,752,753,754,755,756,757,758,759,760,761,762,763],"class_list":{"0":"post-15305","1":"product","2":"type-product","3":"status-publish","4":"has-post-thumbnail","6":"product_cat-polyester-en","7":"product_cat-saphira-gold-en","8":"product_cat-wohnzimmer-en","9":"product_tag-bettvorleger-en","10":"product_tag-carpet-en","11":"product_tag-dekoration-en","12":"product_tag-fussbodenheizung-en","13":"product_tag-haushalt-en","14":"product_tag-kinderzimmer-en","15":"product_tag-kueche-en","16":"product_tag-kurzflor-en","17":"product_tag-laeufer-en","18":"product_tag-marmor-optik-en","19":"product_tag-microfasern-en","20":"product_tag-oriental-en","21":"product_tag-orientalisch-en","22":"product_tag-orientalische-teppiche-en","23":"product_tag-original-perser-en","24":"product_tag-perser-en","25":"product_tag-perser-teppich-en","26":"product_tag-schlafzimmer-en","27":"product_tag-teppich-en","28":"product_tag-teppiche-en","29":"product_tag-teppichlaeufer-en","30":"product_tag-wohnzimmer-en","32":"first","33":"instock","34":"purchasable","35":"product-type-variable"},"_links":{"self":[{"href":"https:\/\/floracarpet.eu\/en\/wp-json\/wp\/v2\/product\/15305","targetHints":{"allow":["GET"]}}],"collection":[{"href":"https:\/\/floracarpet.eu\/en\/wp-json\/wp\/v2\/product"}],"about":[{"href":"https:\/\/floracarpet.eu\/en\/wp-json\/wp\/v2\/types\/product"}],"replies":[{"embeddable":true,"href":"https:\/\/floracarpet.eu\/en\/wp-json\/wp\/v2\/comments?post=15305"}],"version-history":[{"count":6,"href":"https:\/\/floracarpet.eu\/en\/wp-json\/wp\/v2\/product\/15305\/revisions"}],"predecessor-version":[{"id":24365,"href":"https:\/\/floracarpet.eu\/en\/wp-json\/wp\/v2\/product\/15305\/revisions\/24365"}],"wp:featuredmedia":[{"embeddable":true,"href":"https:\/\/floracarpet.eu\/en\/wp-json\/wp\/v2\/media\/23071"}],"wp:attachment":[{"href":"https:\/\/floracarpet.eu\/en\/wp-json\/wp\/v2\/media?parent=15305"}],"wp:term":[{"taxonomy":"product_cat","embeddable":true,"href":"https:\/\/floracarpet.eu\/en\/wp-json\/wp\/v2\/product_cat?post=15305"},{"taxonomy":"product_tag","embeddable":true,"href":"https:\/\/floracarpet.eu\/en\/wp-json\/wp\/v2\/product_tag?post=15305"}],"curies":[{"name":"wp","href":"https:\/\/api.w.org\/{rel}","templated":true}]}}