{"id":15377,"date":"2022-03-22T07:25:59","date_gmt":"2022-03-22T07:25:59","guid":{"rendered":"http:\/\/devel.florahome.eu\/product\/3751a-grey\/"},"modified":"2025-01-01T00:13:43","modified_gmt":"2025-01-01T00:13:43","slug":"3953-neapel","status":"publish","type":"product","link":"https:\/\/floracarpet.eu\/en\/product\/3953-neapel\/","title":{"rendered":"3953 Neapel"},"content":{"rendered":"<p>Angesagtes Design und Funktionalit\u00e4t schlie\u00dfen sich aus? Unsere Teppich<strong>\u00a0Neapel <\/strong>beweist das Gegenteil. Dank ihrer Florh\u00f6he k\u00f6nnen Sie die stylischen Bodenschmeichler in nahezu jedem Raum platzieren: In Wohn- und Schlafzimmer, im Flur oder im Esszimmer. Die sch\u00f6nen Farben sorgen f\u00fcr Trendgarantie, w\u00e4hrend robuste Materialien die Teppiche pflegeleicht und langlebig machen. Was will man mehr?<\/p>\n","protected":false},"excerpt":{"rendered":"<ul class=\"pl_list--unordered\">\n<li>Schadstoffgepr\u00fcft und zertifiziert<\/li>\n<li>Polyester, PP-Heatset<\/li>\n<li>Used Look<\/li>\n<\/ul>\n","protected":false},"featured_media":14407,"comment_status":"open","ping_status":"closed","template":"","meta":[],"product_cat":[212,329,633],"product_tag":[742,743,744,745,746,747,748,749,750,751,752,753,754,755,756,757,758,759,760,761,762,763],"class_list":{"0":"post-15377","1":"product","2":"type-product","3":"status-publish","4":"has-post-thumbnail","6":"product_cat-pera-en","7":"product_cat-polyester-en","8":"product_cat-wohnzimmer-en","9":"product_tag-bettvorleger-en","10":"product_tag-carpet-en","11":"product_tag-dekoration-en","12":"product_tag-fussbodenheizung-en","13":"product_tag-haushalt-en","14":"product_tag-kinderzimmer-en","15":"product_tag-kueche-en","16":"product_tag-kurzflor-en","17":"product_tag-laeufer-en","18":"product_tag-marmor-optik-en","19":"product_tag-microfasern-en","20":"product_tag-oriental-en","21":"product_tag-orientalisch-en","22":"product_tag-orientalische-teppiche-en","23":"product_tag-original-perser-en","24":"product_tag-perser-en","25":"product_tag-perser-teppich-en","26":"product_tag-schlafzimmer-en","27":"product_tag-teppich-en","28":"product_tag-teppiche-en","29":"product_tag-teppichlaeufer-en","30":"product_tag-wohnzimmer-en","32":"first","33":"instock","34":"sale","35":"purchasable","36":"product-type-variable"},"_links":{"self":[{"href":"https:\/\/floracarpet.eu\/en\/wp-json\/wp\/v2\/product\/15377","targetHints":{"allow":["GET"]}}],"collection":[{"href":"https:\/\/floracarpet.eu\/en\/wp-json\/wp\/v2\/product"}],"about":[{"href":"https:\/\/floracarpet.eu\/en\/wp-json\/wp\/v2\/types\/product"}],"replies":[{"embeddable":true,"href":"https:\/\/floracarpet.eu\/en\/wp-json\/wp\/v2\/comments?post=15377"}],"version-history":[{"count":8,"href":"https:\/\/floracarpet.eu\/en\/wp-json\/wp\/v2\/product\/15377\/revisions"}],"predecessor-version":[{"id":24368,"href":"https:\/\/floracarpet.eu\/en\/wp-json\/wp\/v2\/product\/15377\/revisions\/24368"}],"wp:featuredmedia":[{"embeddable":true,"href":"https:\/\/floracarpet.eu\/en\/wp-json\/wp\/v2\/media\/14407"}],"wp:attachment":[{"href":"https:\/\/floracarpet.eu\/en\/wp-json\/wp\/v2\/media?parent=15377"}],"wp:term":[{"taxonomy":"product_cat","embeddable":true,"href":"https:\/\/floracarpet.eu\/en\/wp-json\/wp\/v2\/product_cat?post=15377"},{"taxonomy":"product_tag","embeddable":true,"href":"https:\/\/floracarpet.eu\/en\/wp-json\/wp\/v2\/product_tag?post=15377"}],"curies":[{"name":"wp","href":"https:\/\/api.w.org\/{rel}","templated":true}]}}