{"id":15395,"date":"2022-03-22T07:24:48","date_gmt":"2022-03-22T07:24:48","guid":{"rendered":"http:\/\/devel.florahome.eu\/product\/8600a-cream\/"},"modified":"2024-07-09T11:50:12","modified_gmt":"2024-07-09T11:50:12","slug":"8600-tyros","status":"publish","type":"product","link":"https:\/\/floracarpet.eu\/en\/product\/8600-tyros\/","title":{"rendered":"8600 Tyros"},"content":{"rendered":"<p>Ein Teppich, der auf jeder Ebene \u00fcberzeugt! Durch die hochwertige Verarbeitung ist <strong>\u201eTyros\u201c<\/strong> sehr widerstandsf\u00e4hig und ist bereit UV-Strahlung, N\u00e4sse und Schmutz sorgf\u00e4ltig aufzunehmen. Somit ist dieser Teppich nicht nur f\u00fcr alle Innen-, sondern auch f\u00fcr alle Au\u00dfenbereiche, wie Gartenterrasse oder Balkon, bestens geeignet. Und auch f\u00fcr die Reinigung des Teppichs ist ein feuchtes Tuch meistens genug. Bei hartn\u00e4ckigen Flecken k\u00f6nnen Sie selbstverst\u00e4ndlich auch einen handels\u00fcblichen Teppichschaum benutzen. Das moderne und detailreiche Design l\u00e4sst sich vielseitig kombinieren, ob dekorativ im Arbeitszimmer, oder als Eyecatcher im Wohnzimmer \u2013 dieser Teppich findet in jeden Raum einen passenden Platz. Auch in Wohnr\u00e4umen mit Fu\u00dfbodenheizung kann der Teppich problemlos ausgelegt werden. Bitte beachten Sie, dass die Farben auf Ihrem Monitor von den Original-Farbt\u00f6nen abweichen k\u00f6nnen.<\/p>\n","protected":false},"excerpt":{"rendered":"<ul class=\"pl_list--unordered\">\n<li>1,25 Kg\/m\u00b2 Gesamtgewicht<\/li>\n<li>4 mm Gesamth\u00f6he<\/li>\n<li>Modern interpretiertes orientalisches Design in kr\u00e4ftigen Farben<\/li>\n<li>Hochwertige Verarbeitung: Hergestellt aus strapazierf\u00e4higen und pflegeleichten Materialien<\/li>\n<li>Resistent gegen Feuchtigkeit und UV-Strahlung<\/li>\n<\/ul>\n","protected":false},"featured_media":24295,"comment_status":"open","ping_status":"closed","template":"","meta":[],"product_cat":[210,329,633],"product_tag":[742,743,744,745,746,747,748,749,750,751,752,753,754,755,756,757,758,759,760,761,762,763],"class_list":{"0":"post-15395","1":"product","2":"type-product","3":"status-publish","4":"has-post-thumbnail","6":"product_cat-fez-en","7":"product_cat-polyester-en","8":"product_cat-wohnzimmer-en","9":"product_tag-bettvorleger-en","10":"product_tag-carpet-en","11":"product_tag-dekoration-en","12":"product_tag-fussbodenheizung-en","13":"product_tag-haushalt-en","14":"product_tag-kinderzimmer-en","15":"product_tag-kueche-en","16":"product_tag-kurzflor-en","17":"product_tag-laeufer-en","18":"product_tag-marmor-optik-en","19":"product_tag-microfasern-en","20":"product_tag-oriental-en","21":"product_tag-orientalisch-en","22":"product_tag-orientalische-teppiche-en","23":"product_tag-original-perser-en","24":"product_tag-perser-en","25":"product_tag-perser-teppich-en","26":"product_tag-schlafzimmer-en","27":"product_tag-teppich-en","28":"product_tag-teppiche-en","29":"product_tag-teppichlaeufer-en","30":"product_tag-wohnzimmer-en","32":"first","33":"instock","34":"purchasable","35":"product-type-variable"},"_links":{"self":[{"href":"https:\/\/floracarpet.eu\/en\/wp-json\/wp\/v2\/product\/15395","targetHints":{"allow":["GET"]}}],"collection":[{"href":"https:\/\/floracarpet.eu\/en\/wp-json\/wp\/v2\/product"}],"about":[{"href":"https:\/\/floracarpet.eu\/en\/wp-json\/wp\/v2\/types\/product"}],"replies":[{"embeddable":true,"href":"https:\/\/floracarpet.eu\/en\/wp-json\/wp\/v2\/comments?post=15395"}],"version-history":[{"count":6,"href":"https:\/\/floracarpet.eu\/en\/wp-json\/wp\/v2\/product\/15395\/revisions"}],"predecessor-version":[{"id":24370,"href":"https:\/\/floracarpet.eu\/en\/wp-json\/wp\/v2\/product\/15395\/revisions\/24370"}],"wp:featuredmedia":[{"embeddable":true,"href":"https:\/\/floracarpet.eu\/en\/wp-json\/wp\/v2\/media\/24295"}],"wp:attachment":[{"href":"https:\/\/floracarpet.eu\/en\/wp-json\/wp\/v2\/media?parent=15395"}],"wp:term":[{"taxonomy":"product_cat","embeddable":true,"href":"https:\/\/floracarpet.eu\/en\/wp-json\/wp\/v2\/product_cat?post=15395"},{"taxonomy":"product_tag","embeddable":true,"href":"https:\/\/floracarpet.eu\/en\/wp-json\/wp\/v2\/product_tag?post=15395"}],"curies":[{"name":"wp","href":"https:\/\/api.w.org\/{rel}","templated":true}]}}