{"id":15926,"date":"2022-03-22T06:30:49","date_gmt":"2022-03-22T06:30:49","guid":{"rendered":"http:\/\/devel.florahome.eu\/product\/1002a-d-brown-l-beige\/"},"modified":"2024-07-09T11:51:50","modified_gmt":"2024-07-09T11:51:50","slug":"1002-lagos","status":"publish","type":"product","link":"https:\/\/floracarpet.eu\/en\/product\/1002-lagos\/","title":{"rendered":"1002 Lagos"},"content":{"rendered":"<p>SCHLICHT & DOCH AUSSAGEKR\u00c4FTIG: Ob in Wohnzimmer, Schlafzimmer, Flur \u2013 unser zeitloser Frieze-Teppich <strong>Lagos <\/strong>f\u00fcgt sich optimal in jeden Wohnraum ein. Das gekr\u00e4uselte, weiche Garn macht ihn kuschelig ROBUST, ABER GEM\u00dcTLICH: Der Hochflor (20mm) zu 100% aus Polypropylen ist strapazierf\u00e4hig, leicht zu reinigen und gleichzeitig angenehm flauschig. Mit der R\u00fcckseite aus Jute ist der Teppich f\u00fcr Fu\u00dfbodenheizung geeignet KOMBINIERBAR: Der moderne Klassiker macht alleine schon eine gute Figur, l\u00e4sst sich aber auch optimal mit anderen Modellen aus unserer Flora-Serie kombinieren. In vielen Gr\u00f6\u00dfen erh\u00e4ltlich<\/p>\n","protected":false},"excerpt":{"rendered":"<ul class=\"pl_list--unordered\">\n<li>Schadstoffgepr\u00fcft und zertifiziert<\/li>\n<li>100% PP Frize<\/li>\n<\/ul>\n","protected":false},"featured_media":19763,"comment_status":"open","ping_status":"closed","template":"","meta":[],"product_cat":[467,202,633],"product_tag":[742,743,744,745,746,747,748,749,750,751,752,753,754,755,756,757,758,759,760,761,762,763],"class_list":{"0":"post-15926","1":"product","2":"type-product","3":"status-publish","4":"has-post-thumbnail","6":"product_cat-frize-en","7":"product_cat-gabeh-en","8":"product_cat-wohnzimmer-en","9":"product_tag-bettvorleger-en","10":"product_tag-carpet-en","11":"product_tag-dekoration-en","12":"product_tag-fussbodenheizung-en","13":"product_tag-haushalt-en","14":"product_tag-kinderzimmer-en","15":"product_tag-kueche-en","16":"product_tag-kurzflor-en","17":"product_tag-laeufer-en","18":"product_tag-marmor-optik-en","19":"product_tag-microfasern-en","20":"product_tag-oriental-en","21":"product_tag-orientalisch-en","22":"product_tag-orientalische-teppiche-en","23":"product_tag-original-perser-en","24":"product_tag-perser-en","25":"product_tag-perser-teppich-en","26":"product_tag-schlafzimmer-en","27":"product_tag-teppich-en","28":"product_tag-teppiche-en","29":"product_tag-teppichlaeufer-en","30":"product_tag-wohnzimmer-en","32":"first","33":"instock","34":"purchasable","35":"product-type-variable"},"_links":{"self":[{"href":"https:\/\/floracarpet.eu\/en\/wp-json\/wp\/v2\/product\/15926","targetHints":{"allow":["GET"]}}],"collection":[{"href":"https:\/\/floracarpet.eu\/en\/wp-json\/wp\/v2\/product"}],"about":[{"href":"https:\/\/floracarpet.eu\/en\/wp-json\/wp\/v2\/types\/product"}],"replies":[{"embeddable":true,"href":"https:\/\/floracarpet.eu\/en\/wp-json\/wp\/v2\/comments?post=15926"}],"version-history":[{"count":10,"href":"https:\/\/floracarpet.eu\/en\/wp-json\/wp\/v2\/product\/15926\/revisions"}],"predecessor-version":[{"id":24388,"href":"https:\/\/floracarpet.eu\/en\/wp-json\/wp\/v2\/product\/15926\/revisions\/24388"}],"wp:featuredmedia":[{"embeddable":true,"href":"https:\/\/floracarpet.eu\/en\/wp-json\/wp\/v2\/media\/19763"}],"wp:attachment":[{"href":"https:\/\/floracarpet.eu\/en\/wp-json\/wp\/v2\/media?parent=15926"}],"wp:term":[{"taxonomy":"product_cat","embeddable":true,"href":"https:\/\/floracarpet.eu\/en\/wp-json\/wp\/v2\/product_cat?post=15926"},{"taxonomy":"product_tag","embeddable":true,"href":"https:\/\/floracarpet.eu\/en\/wp-json\/wp\/v2\/product_tag?post=15926"}],"curies":[{"name":"wp","href":"https:\/\/api.w.org\/{rel}","templated":true}]}}