{"id":17249,"date":"2022-04-16T10:30:59","date_gmt":"2022-04-16T10:30:59","guid":{"rendered":"http:\/\/devel.florahome.eu\/?post_type=product&#038;p=17249"},"modified":"2024-09-02T19:28:06","modified_gmt":"2024-09-02T19:28:06","slug":"3880-new-york","status":"publish","type":"product","link":"https:\/\/floracarpet.eu\/en\/product\/3880-new-york\/","title":{"rendered":"3880 New York"},"content":{"rendered":"<p>Der Teppich <strong>New York<\/strong> mit seinem modernen Design in Marmor-Optik, setzt Fu\u00dfb\u00f6den attraktiv in Szene. Der Marmor Effekt wirkt, wahlweise in Gold oder Silber sehr opulent. Der dichte und weiche Flor, sorgt im Wohnzimmer oder in sonstigen R\u00e4umen f\u00fcr besondere Gem\u00fctlichkeit.<\/p>\n","protected":false},"excerpt":{"rendered":"<ul class=\"pl_list--unordered\">\n<li>Schadstoffgepr\u00fcft und zertifiziert<\/li>\n<li>Shining Polyester sorgt f\u00fcr den Glanz<\/li>\n<li>PP Heatset<\/li>\n<li>Polyester<\/li>\n<li>Marmor-Optik<\/li>\n<\/ul>\n","protected":false},"featured_media":20159,"comment_status":"open","ping_status":"closed","template":"","meta":[],"product_cat":[329,214,633],"product_tag":[742,743,744,745,746,747,748,749,750,751,752,753,754,755,756,757,758,759,760,761,762,763],"class_list":{"0":"post-17249","1":"product","2":"type-product","3":"status-publish","4":"has-post-thumbnail","6":"product_cat-polyester-en","7":"product_cat-saphira-gold-en","8":"product_cat-wohnzimmer-en","9":"product_tag-bettvorleger-en","10":"product_tag-carpet-en","11":"product_tag-dekoration-en","12":"product_tag-fussbodenheizung-en","13":"product_tag-haushalt-en","14":"product_tag-kinderzimmer-en","15":"product_tag-kueche-en","16":"product_tag-kurzflor-en","17":"product_tag-laeufer-en","18":"product_tag-marmor-optik-en","19":"product_tag-microfasern-en","20":"product_tag-oriental-en","21":"product_tag-orientalisch-en","22":"product_tag-orientalische-teppiche-en","23":"product_tag-original-perser-en","24":"product_tag-perser-en","25":"product_tag-perser-teppich-en","26":"product_tag-schlafzimmer-en","27":"product_tag-teppich-en","28":"product_tag-teppiche-en","29":"product_tag-teppichlaeufer-en","30":"product_tag-wohnzimmer-en","32":"first","33":"instock","34":"purchasable","35":"product-type-variable"},"_links":{"self":[{"href":"https:\/\/floracarpet.eu\/en\/wp-json\/wp\/v2\/product\/17249","targetHints":{"allow":["GET"]}}],"collection":[{"href":"https:\/\/floracarpet.eu\/en\/wp-json\/wp\/v2\/product"}],"about":[{"href":"https:\/\/floracarpet.eu\/en\/wp-json\/wp\/v2\/types\/product"}],"replies":[{"embeddable":true,"href":"https:\/\/floracarpet.eu\/en\/wp-json\/wp\/v2\/comments?post=17249"}],"version-history":[{"count":8,"href":"https:\/\/floracarpet.eu\/en\/wp-json\/wp\/v2\/product\/17249\/revisions"}],"predecessor-version":[{"id":24355,"href":"https:\/\/floracarpet.eu\/en\/wp-json\/wp\/v2\/product\/17249\/revisions\/24355"}],"wp:featuredmedia":[{"embeddable":true,"href":"https:\/\/floracarpet.eu\/en\/wp-json\/wp\/v2\/media\/20159"}],"wp:attachment":[{"href":"https:\/\/floracarpet.eu\/en\/wp-json\/wp\/v2\/media?parent=17249"}],"wp:term":[{"taxonomy":"product_cat","embeddable":true,"href":"https:\/\/floracarpet.eu\/en\/wp-json\/wp\/v2\/product_cat?post=17249"},{"taxonomy":"product_tag","embeddable":true,"href":"https:\/\/floracarpet.eu\/en\/wp-json\/wp\/v2\/product_tag?post=17249"}],"curies":[{"name":"wp","href":"https:\/\/api.w.org\/{rel}","templated":true}]}}