{"id":21057,"date":"2024-03-06T13:09:56","date_gmt":"2024-03-06T13:09:56","guid":{"rendered":"https:\/\/floracarpet.eu\/?post_type=product&#038;p=21057"},"modified":"2025-01-01T00:13:35","modified_gmt":"2025-01-01T00:13:35","slug":"5702-mailand","status":"publish","type":"product","link":"https:\/\/floracarpet.eu\/en\/produkt\/5702-mailand\/","title":{"rendered":"5702 Mailand"},"content":{"rendered":"<p>Der rechteckige Teppich <strong>Mailand <\/strong>von Flora sorgt f\u00fcr eine moderne Note. Genau richtig im Wohnzimmer oder im Schlafzimmer &#8211; gestalte einfach durch l\u00e4ssig-elegante Einrichtung einen pers\u00f6nlichen Touch f\u00fcr ein angenehmes Wohngef\u00fchl. Die tolle optische Wirkung entsteht neben dem sch\u00f6n herausgearbeiteten Muster auch durch den Hoch- Tief- Effekt. Die verarbeiteten Materialien machen diesen Teppich besonders strapazierf\u00e4hig, robust und dabei pflegeleicht. Auch die hartn\u00e4ckigen Flecken lassen sich leicht mit einem handels\u00fcblichen Teppichschaum entfernen. Besonders praktisch : In R\u00e4umen mit einer Fu\u00dfbodenheizung kann der Teppich auch problemlos ausgelegt werden.<\/p>\n","protected":false},"excerpt":{"rendered":"<ul class=\"pl_list--unordered\">\n<li>2,1 kg\/m\u00b2 , 10mm Gesamth\u00f6he<\/li>\n<li>F\u00fcr Fu\u00dfbodenheizung geeignet<\/li>\n<li>Flachgewebt<\/li>\n<li>leichter Hoch-Tief Effekt<\/li>\n<li>Schadstoffgepr\u00fcft und Zertifiziert<\/li>\n<\/ul>\n","protected":false},"featured_media":21070,"comment_status":"open","ping_status":"closed","template":"","meta":[],"product_cat":[258,298,629],"product_tag":[657,651,690,661,656,729,658,735,676,689,704,728,724,738,655,647,648,649,713,739,707],"class_list":{"0":"post-21057","1":"product","2":"type-product","3":"status-publish","4":"has-post-thumbnail","6":"product_cat-lotus","7":"product_cat-polyester","8":"product_cat-wohnzimmer","9":"product_tag-carpet","10":"product_tag-dekoration","11":"product_tag-esszimmer","12":"product_tag-fussboden-heizung","13":"product_tag-kinderzimmer","14":"product_tag-kueche","15":"product_tag-laeufer","16":"product_tag-mikrofasern","17":"product_tag-oriental","18":"product_tag-orientalisch","19":"product_tag-orientalische-teppiche","20":"product_tag-original-perser","21":"product_tag-perser","22":"product_tag-persiche-teppiche","23":"product_tag-schlafzimmer","24":"product_tag-teppich","25":"product_tag-teppiche","26":"product_tag-teppichlaeufer","27":"product_tag-vintage","28":"product_tag-vintage-dekoration","29":"product_tag-vintage-teppiche","31":"first","32":"instock","33":"purchasable","34":"product-type-variable","35":"has-default-attributes"},"_links":{"self":[{"href":"https:\/\/floracarpet.eu\/en\/wp-json\/wp\/v2\/product\/21057","targetHints":{"allow":["GET"]}}],"collection":[{"href":"https:\/\/floracarpet.eu\/en\/wp-json\/wp\/v2\/product"}],"about":[{"href":"https:\/\/floracarpet.eu\/en\/wp-json\/wp\/v2\/types\/product"}],"replies":[{"embeddable":true,"href":"https:\/\/floracarpet.eu\/en\/wp-json\/wp\/v2\/comments?post=21057"}],"version-history":[{"count":7,"href":"https:\/\/floracarpet.eu\/en\/wp-json\/wp\/v2\/product\/21057\/revisions"}],"predecessor-version":[{"id":24535,"href":"https:\/\/floracarpet.eu\/en\/wp-json\/wp\/v2\/product\/21057\/revisions\/24535"}],"wp:featuredmedia":[{"embeddable":true,"href":"https:\/\/floracarpet.eu\/en\/wp-json\/wp\/v2\/media\/21070"}],"wp:attachment":[{"href":"https:\/\/floracarpet.eu\/en\/wp-json\/wp\/v2\/media?parent=21057"}],"wp:term":[{"taxonomy":"product_cat","embeddable":true,"href":"https:\/\/floracarpet.eu\/en\/wp-json\/wp\/v2\/product_cat?post=21057"},{"taxonomy":"product_tag","embeddable":true,"href":"https:\/\/floracarpet.eu\/en\/wp-json\/wp\/v2\/product_tag?post=21057"}],"curies":[{"name":"wp","href":"https:\/\/api.w.org\/{rel}","templated":true}]}}