{"id":21083,"date":"2024-03-06T13:21:35","date_gmt":"2024-03-06T13:21:35","guid":{"rendered":"https:\/\/floracarpet.eu\/?post_type=product&#038;p=21083"},"modified":"2026-01-09T03:20:59","modified_gmt":"2026-01-09T03:20:59","slug":"5680-pisa","status":"publish","type":"product","link":"https:\/\/floracarpet.eu\/en\/produkt\/5680-pisa\/","title":{"rendered":"5680 Pisa"},"content":{"rendered":"<p>Der rechteckige Teppich <strong>Pisa <\/strong>von Flora sorgt f\u00fcr eine moderne Note. Genau richtig im Wohnzimmer oder im Schlafzimmer &#8211; gestalte einfach durch l\u00e4ssig-elegante Einrichtung einen pers\u00f6nlichen Touch f\u00fcr ein angenehmes Wohngef\u00fchl. Die tolle optische Wirkung entsteht neben dem sch\u00f6n herausgearbeiteten Muster auch durch den Hoch- Tief- Effekt. Die verarbeiteten Materialien machen diesen Teppich besonders strapazierf\u00e4hig, robust und dabei pflegeleicht. Auch die hartn\u00e4ckigen Flecken lassen sich leicht mit einem handels\u00fcblichen Teppichschaum entfernen. Besonders praktisch : In R\u00e4umen mit einer Fu\u00dfbodenheizung kann der Teppich auch problemlos ausgelegt werden.<\/p>\n","protected":false},"excerpt":{"rendered":"<ul class=\"pl_list--unordered\">\n<li>2,1 kg\/m\u00b2 , 10mm Gesamth\u00f6he<\/li>\n<li>F\u00fcr Fu\u00dfbodenheizung geeignet<\/li>\n<li>Flachgewebt<\/li>\n<li>leichter Hoch-Tief Effekt<\/li>\n<li>Schadstoffgepr\u00fcft und Zertifiziert<\/li>\n<\/ul>\n","protected":false},"featured_media":21099,"comment_status":"open","ping_status":"closed","template":"","meta":[],"product_cat":[383,298,629],"product_tag":[652,659,672,657,651,716,656,658,734,735,676,689,704,728,724,673,655,647,648,713,674,653,654],"class_list":{"0":"post-21083","1":"product","2":"type-product","3":"status-publish","4":"has-post-thumbnail","6":"product_cat-harmony","7":"product_cat-polyester","8":"product_cat-wohnzimmer","9":"product_tag-badematte","10":"product_tag-badezimmer","11":"product_tag-bettvorleger","12":"product_tag-carpet","13":"product_tag-dekoration","14":"product_tag-fussbodenheizung","15":"product_tag-kinderzimmer","16":"product_tag-laeufer","17":"product_tag-laeuferteppich","18":"product_tag-mikrofasern","19":"product_tag-oriental","20":"product_tag-orientalisch","21":"product_tag-orientalische-teppiche","22":"product_tag-original-perser","23":"product_tag-perser","24":"product_tag-perser-teppich","25":"product_tag-schlafzimmer","26":"product_tag-teppich","27":"product_tag-teppiche","28":"product_tag-vintage","29":"product_tag-vintage-teppich","30":"product_tag-waschbare-teppiche","31":"product_tag-wohnzimmer","33":"first","34":"instock","35":"purchasable","36":"product-type-variable"},"_links":{"self":[{"href":"https:\/\/floracarpet.eu\/en\/wp-json\/wp\/v2\/product\/21083","targetHints":{"allow":["GET"]}}],"collection":[{"href":"https:\/\/floracarpet.eu\/en\/wp-json\/wp\/v2\/product"}],"about":[{"href":"https:\/\/floracarpet.eu\/en\/wp-json\/wp\/v2\/types\/product"}],"replies":[{"embeddable":true,"href":"https:\/\/floracarpet.eu\/en\/wp-json\/wp\/v2\/comments?post=21083"}],"version-history":[{"count":8,"href":"https:\/\/floracarpet.eu\/en\/wp-json\/wp\/v2\/product\/21083\/revisions"}],"predecessor-version":[{"id":21985,"href":"https:\/\/floracarpet.eu\/en\/wp-json\/wp\/v2\/product\/21083\/revisions\/21985"}],"wp:featuredmedia":[{"embeddable":true,"href":"https:\/\/floracarpet.eu\/en\/wp-json\/wp\/v2\/media\/21099"}],"wp:attachment":[{"href":"https:\/\/floracarpet.eu\/en\/wp-json\/wp\/v2\/media?parent=21083"}],"wp:term":[{"taxonomy":"product_cat","embeddable":true,"href":"https:\/\/floracarpet.eu\/en\/wp-json\/wp\/v2\/product_cat?post=21083"},{"taxonomy":"product_tag","embeddable":true,"href":"https:\/\/floracarpet.eu\/en\/wp-json\/wp\/v2\/product_tag?post=21083"}],"curies":[{"name":"wp","href":"https:\/\/api.w.org\/{rel}","templated":true}]}}