{"id":21145,"date":"2024-03-06T13:38:36","date_gmt":"2024-03-06T13:38:36","guid":{"rendered":"https:\/\/floracarpet.eu\/?post_type=product&#038;p=21145"},"modified":"2025-01-01T00:13:39","modified_gmt":"2025-01-01T00:13:39","slug":"6315-rom","status":"publish","type":"product","link":"https:\/\/floracarpet.eu\/en\/produkt\/6315-rom\/","title":{"rendered":"6315 Rom"},"content":{"rendered":"<p>Der rechteckige Teppich <strong>Rom<\/strong> von Flora sorgt f\u00fcr eine moderne Note. Genau richtig im Wohnzimmer oder im Schlafzimmer &#8211; gestalte einfach durch l\u00e4ssig-elegante Einrichtung einen pers\u00f6nlichen Touch f\u00fcr ein angenehmes Wohngef\u00fchl. Die tolle optische Wirkung entsteht neben dem sch\u00f6n herausgearbeiteten Muster auch durch den Hoch- Tief- Effekt. Die verarbeiteten Materialien machen diesen Teppich besonders strapazierf\u00e4hig, robust und dabei pflegeleicht. Auch die hartn\u00e4ckigen Flecken lassen sich leicht mit einem handels\u00fcblichen Teppichschaum entfernen. Besonders praktisch : In R\u00e4umen mit einer Fu\u00dfbodenheizung kann der Teppich auch problemlos ausgelegt werden.<\/p>\n","protected":false},"excerpt":{"rendered":"<ul class=\"pl_list--unordered\">\n<li>2,1 kg\/m\u00b2 , 10 mm Gesamth\u00f6he<\/li>\n<li>F\u00fcr Fu\u00dfbodenheizung geeignet<\/li>\n<li>Flachgewebt<\/li>\n<li>leichter Hoch-Tief Effekt<\/li>\n<li>Schadstoffgepr\u00fcft und Zertifiziert<\/li>\n<\/ul>\n","protected":false},"featured_media":21161,"comment_status":"open","ping_status":"closed","template":"","meta":[],"product_cat":[298,462,629],"product_tag":[672,657,651,716,730,656,729,687,658,692,708,676,689,704,728,724,673,655,647,648,649,654],"class_list":{"0":"post-21145","1":"product","2":"type-product","3":"status-publish","4":"has-post-thumbnail","6":"product_cat-polyester","7":"product_cat-royal","8":"product_cat-wohnzimmer","9":"product_tag-bettvorleger","10":"product_tag-carpet","11":"product_tag-dekoration","12":"product_tag-fussbodenheizung","13":"product_tag-haushalt","14":"product_tag-kinderzimmer","15":"product_tag-kueche","16":"product_tag-kurzflor","17":"product_tag-laeufer","18":"product_tag-marmor-optik","19":"product_tag-microfasern","20":"product_tag-oriental","21":"product_tag-orientalisch","22":"product_tag-orientalische-teppiche","23":"product_tag-original-perser","24":"product_tag-perser","25":"product_tag-perser-teppich","26":"product_tag-schlafzimmer","27":"product_tag-teppich","28":"product_tag-teppiche","29":"product_tag-teppichlaeufer","30":"product_tag-wohnzimmer","32":"first","33":"instock","34":"sale","35":"purchasable","36":"product-type-variable","37":"has-default-attributes"},"_links":{"self":[{"href":"https:\/\/floracarpet.eu\/en\/wp-json\/wp\/v2\/product\/21145","targetHints":{"allow":["GET"]}}],"collection":[{"href":"https:\/\/floracarpet.eu\/en\/wp-json\/wp\/v2\/product"}],"about":[{"href":"https:\/\/floracarpet.eu\/en\/wp-json\/wp\/v2\/types\/product"}],"replies":[{"embeddable":true,"href":"https:\/\/floracarpet.eu\/en\/wp-json\/wp\/v2\/comments?post=21145"}],"version-history":[{"count":7,"href":"https:\/\/floracarpet.eu\/en\/wp-json\/wp\/v2\/product\/21145\/revisions"}],"predecessor-version":[{"id":24337,"href":"https:\/\/floracarpet.eu\/en\/wp-json\/wp\/v2\/product\/21145\/revisions\/24337"}],"wp:featuredmedia":[{"embeddable":true,"href":"https:\/\/floracarpet.eu\/en\/wp-json\/wp\/v2\/media\/21161"}],"wp:attachment":[{"href":"https:\/\/floracarpet.eu\/en\/wp-json\/wp\/v2\/media?parent=21145"}],"wp:term":[{"taxonomy":"product_cat","embeddable":true,"href":"https:\/\/floracarpet.eu\/en\/wp-json\/wp\/v2\/product_cat?post=21145"},{"taxonomy":"product_tag","embeddable":true,"href":"https:\/\/floracarpet.eu\/en\/wp-json\/wp\/v2\/product_tag?post=21145"}],"curies":[{"name":"wp","href":"https:\/\/api.w.org\/{rel}","templated":true}]}}