{"id":21165,"date":"2024-03-06T13:47:52","date_gmt":"2024-03-06T13:47:52","guid":{"rendered":"https:\/\/floracarpet.eu\/?post_type=product&#038;p=21165"},"modified":"2025-01-01T00:13:40","modified_gmt":"2025-01-01T00:13:40","slug":"6306-florenz","status":"publish","type":"product","link":"https:\/\/floracarpet.eu\/en\/produkt\/6306-florenz\/","title":{"rendered":"6306 Florenz"},"content":{"rendered":"<p>Der rechteckige Teppich <strong>Florenz<\/strong> von Flora sorgt f\u00fcr eine moderne Note. Genau richtig im Wohnzimmer oder im Schlafzimmer &#8211; gestalte einfach durch l\u00e4ssig-elegante Einrichtung einen pers\u00f6nlichen Touch f\u00fcr ein angenehmes Wohngef\u00fchl. Die tolle optische Wirkung entsteht neben dem sch\u00f6n herausgearbeiteten Muster auch durch den Hoch- Tief- Effekt. Die verarbeiteten Materialien machen diesen Teppich besonders strapazierf\u00e4hig, robust und dabei pflegeleicht. Auch die hartn\u00e4ckigen Flecken lassen sich leicht mit einem handels\u00fcblichen Teppichschaum entfernen. Besonders praktisch : In R\u00e4umen mit einer Fu\u00dfbodenheizung kann der Teppich auch problemlos ausgelegt werden.<\/p>\n","protected":false},"excerpt":{"rendered":"<ul class=\"pl_list--unordered\">\n<li>2,1 kg\/m\u00b2 , 10 mm Gesamth\u00f6he<\/li>\n<li>F\u00fcr Fu\u00dfbodenheizung geeignet<\/li>\n<li>Schadstoffgepr\u00fcfft und Zertifiziert<\/li>\n<li>R\u00fcckenmaterial Jute<\/li>\n<li>Kurzflor mit Hochtief Effekt<\/li>\n<\/ul>\n","protected":false},"featured_media":21183,"comment_status":"open","ping_status":"closed","template":"","meta":[],"product_cat":[298,462,629],"product_tag":[672,657,690,716,725,656,687,692,691,724,703,655,647,648,654],"class_list":{"0":"post-21165","1":"product","2":"type-product","3":"status-publish","4":"has-post-thumbnail","6":"product_cat-polyester","7":"product_cat-royal","8":"product_cat-wohnzimmer","9":"product_tag-bettvorleger","10":"product_tag-carpet","11":"product_tag-esszimmer","12":"product_tag-fussbodenheizung","13":"product_tag-handgemacht","14":"product_tag-kinderzimmer","15":"product_tag-kurzflor","16":"product_tag-marmor-optik","17":"product_tag-original-persisch","18":"product_tag-perser","19":"product_tag-perserteppich","20":"product_tag-schlafzimmer","21":"product_tag-teppich","22":"product_tag-teppiche","23":"product_tag-wohnzimmer","25":"first","26":"instock","27":"purchasable","28":"product-type-variable","29":"has-default-attributes"},"_links":{"self":[{"href":"https:\/\/floracarpet.eu\/en\/wp-json\/wp\/v2\/product\/21165","targetHints":{"allow":["GET"]}}],"collection":[{"href":"https:\/\/floracarpet.eu\/en\/wp-json\/wp\/v2\/product"}],"about":[{"href":"https:\/\/floracarpet.eu\/en\/wp-json\/wp\/v2\/types\/product"}],"replies":[{"embeddable":true,"href":"https:\/\/floracarpet.eu\/en\/wp-json\/wp\/v2\/comments?post=21165"}],"version-history":[{"count":7,"href":"https:\/\/floracarpet.eu\/en\/wp-json\/wp\/v2\/product\/21165\/revisions"}],"predecessor-version":[{"id":24335,"href":"https:\/\/floracarpet.eu\/en\/wp-json\/wp\/v2\/product\/21165\/revisions\/24335"}],"wp:featuredmedia":[{"embeddable":true,"href":"https:\/\/floracarpet.eu\/en\/wp-json\/wp\/v2\/media\/21183"}],"wp:attachment":[{"href":"https:\/\/floracarpet.eu\/en\/wp-json\/wp\/v2\/media?parent=21165"}],"wp:term":[{"taxonomy":"product_cat","embeddable":true,"href":"https:\/\/floracarpet.eu\/en\/wp-json\/wp\/v2\/product_cat?post=21165"},{"taxonomy":"product_tag","embeddable":true,"href":"https:\/\/floracarpet.eu\/en\/wp-json\/wp\/v2\/product_tag?post=21165"}],"curies":[{"name":"wp","href":"https:\/\/api.w.org\/{rel}","templated":true}]}}