{"id":21190,"date":"2024-03-06T13:57:11","date_gmt":"2024-03-06T13:57:11","guid":{"rendered":"https:\/\/floracarpet.eu\/?post_type=product&#038;p=21190"},"modified":"2026-01-09T03:21:33","modified_gmt":"2026-01-09T03:21:33","slug":"6311-venedig","status":"publish","type":"product","link":"https:\/\/floracarpet.eu\/en\/produkt\/6311-venedig\/","title":{"rendered":"6311 Venedig"},"content":{"rendered":"<p>Der rechteckige Teppich <strong>Venedig<\/strong> von Flora sorgt f\u00fcr eine moderne Note. Genau richtig im Wohnzimmer oder im Schlafzimmer &#8211; gestalte einfach durch l\u00e4ssig-elegante Einrichtung einen pers\u00f6nlichen Touch f\u00fcr ein angenehmes Wohngef\u00fchl. Die tolle optische Wirkung entsteht neben dem sch\u00f6n herausgearbeiteten Muster auch durch den Hoch- Tief- Effekt. Die verarbeiteten Materialien machen diesen Teppich besonders strapazierf\u00e4hig, robust und dabei pflegeleicht. Auch die hartn\u00e4ckigen Flecken lassen sich leicht mit einem handels\u00fcblichen Teppichschaum entfernen. Besonders praktisch : In R\u00e4umen mit einer Fu\u00dfbodenheizung kann der Teppich auch problemlos ausgelegt werden.<\/p>\n","protected":false},"excerpt":{"rendered":"<ul class=\"pl_list--unordered\">\n<li>2,1 kg\/m\u00b2 , 10 mm Gesamth\u00f6he<\/li>\n<li>F\u00fcr Fu\u00dfbodenheizung geeignet<\/li>\n<li>Schadstoffgepr\u00fcfft und Zertifiziert<\/li>\n<li>Flachgewebt<\/li>\n<li>leichter Hoch-Tief Effekt<\/li>\n<\/ul>\n","protected":false},"featured_media":21208,"comment_status":"open","ping_status":"closed","template":"","meta":[],"product_cat":[298,462,629],"product_tag":[672,693,715,714,657,651,717,716,656,692,708,689,655,647,648,713,654],"class_list":{"0":"post-21190","1":"product","2":"type-product","3":"status-publish","4":"has-post-thumbnail","6":"product_cat-polyester","7":"product_cat-royal","8":"product_cat-wohnzimmer","9":"product_tag-bettvorleger","10":"product_tag-bodenteppich","11":"product_tag-buero","12":"product_tag-buero-teppich","13":"product_tag-carpet","14":"product_tag-dekoration","15":"product_tag-ellegance","16":"product_tag-fussbodenheizung","17":"product_tag-kinderzimmer","18":"product_tag-marmor-optik","19":"product_tag-microfasern","20":"product_tag-orientalisch","21":"product_tag-schlafzimmer","22":"product_tag-teppich","23":"product_tag-teppiche","24":"product_tag-vintage","25":"product_tag-wohnzimmer","27":"first","28":"instock","29":"sale","30":"purchasable","31":"product-type-variable","32":"has-default-attributes"},"_links":{"self":[{"href":"https:\/\/floracarpet.eu\/en\/wp-json\/wp\/v2\/product\/21190","targetHints":{"allow":["GET"]}}],"collection":[{"href":"https:\/\/floracarpet.eu\/en\/wp-json\/wp\/v2\/product"}],"about":[{"href":"https:\/\/floracarpet.eu\/en\/wp-json\/wp\/v2\/types\/product"}],"replies":[{"embeddable":true,"href":"https:\/\/floracarpet.eu\/en\/wp-json\/wp\/v2\/comments?post=21190"}],"version-history":[{"count":7,"href":"https:\/\/floracarpet.eu\/en\/wp-json\/wp\/v2\/product\/21190\/revisions"}],"predecessor-version":[{"id":24392,"href":"https:\/\/floracarpet.eu\/en\/wp-json\/wp\/v2\/product\/21190\/revisions\/24392"}],"wp:featuredmedia":[{"embeddable":true,"href":"https:\/\/floracarpet.eu\/en\/wp-json\/wp\/v2\/media\/21208"}],"wp:attachment":[{"href":"https:\/\/floracarpet.eu\/en\/wp-json\/wp\/v2\/media?parent=21190"}],"wp:term":[{"taxonomy":"product_cat","embeddable":true,"href":"https:\/\/floracarpet.eu\/en\/wp-json\/wp\/v2\/product_cat?post=21190"},{"taxonomy":"product_tag","embeddable":true,"href":"https:\/\/floracarpet.eu\/en\/wp-json\/wp\/v2\/product_tag?post=21190"}],"curies":[{"name":"wp","href":"https:\/\/api.w.org\/{rel}","templated":true}]}}