{"id":21215,"date":"2024-03-07T08:38:33","date_gmt":"2024-03-07T08:38:33","guid":{"rendered":"https:\/\/floracarpet.eu\/?post_type=product&#038;p=21215"},"modified":"2026-01-09T03:19:44","modified_gmt":"2026-01-09T03:19:44","slug":"3901-kairo","status":"publish","type":"product","link":"https:\/\/floracarpet.eu\/en\/produkt\/3901-kairo\/","title":{"rendered":"3901 Kairo"},"content":{"rendered":"<p>Der rechteckige Teppich <strong>Kairo <\/strong>von Flora sorgt f\u00fcr eine moderne Note. Genau richtig im Wohnzimmer oder im Schlafzimmer &#8211; gestalte einfach durch l\u00e4ssig-elegante Einrichtung einen pers\u00f6nlichen Touch f\u00fcr ein angenehmes Wohngef\u00fchl. Die tolle optische Wirkung entsteht neben dem sch\u00f6n herausgearbeiteten Muster auch durch den Hoch- Tief- Effekt. Die verarbeiteten Materialien machen diesen Teppich besonders strapazierf\u00e4hig, robust und dabei pflegeleicht. Auch die hartn\u00e4ckigen Flecken lassen sich leicht mit einem handels\u00fcblichen Teppichschaum entfernen. Besonders praktisch : In R\u00e4umen mit einer Fu\u00dfbodenheizung kann der Teppich auch problemlos ausgelegt werden.<\/p>\n","protected":false},"excerpt":{"rendered":"<ul class=\"pl_list--unordered\">\n<li>2,1 kg\/m\u00b2 , 10 mm Gesamth\u00f6he<\/li>\n<li>F\u00fcr Fu\u00dfbodenheizung geeignet<\/li>\n<li>Flachgewebt<\/li>\n<li>leichter Hoch-Tief Effekt<\/li>\n<li>Schadstoffgepr\u00fcft und Zertifiziert<\/li>\n<\/ul>\n","protected":false},"featured_media":21242,"comment_status":"open","ping_status":"closed","template":"","meta":[],"product_cat":[383,298,629],"product_tag":[672,693,709,657,690,708,689,704,703,655,647,648,707,653,654],"class_list":{"0":"post-21215","1":"product","2":"type-product","3":"status-publish","4":"has-post-thumbnail","6":"product_cat-harmony","7":"product_cat-polyester","8":"product_cat-wohnzimmer","9":"product_tag-bettvorleger","10":"product_tag-bodenteppich","11":"product_tag-buero-teppiche","12":"product_tag-carpet","13":"product_tag-esszimmer","14":"product_tag-microfasern","15":"product_tag-orientalisch","16":"product_tag-orientalische-teppiche","17":"product_tag-perserteppich","18":"product_tag-schlafzimmer","19":"product_tag-teppich","20":"product_tag-teppiche","21":"product_tag-vintage-teppiche","22":"product_tag-waschbare-teppiche","23":"product_tag-wohnzimmer","25":"first","26":"instock","27":"purchasable","28":"product-type-variable","29":"has-default-attributes"},"_links":{"self":[{"href":"https:\/\/floracarpet.eu\/en\/wp-json\/wp\/v2\/product\/21215","targetHints":{"allow":["GET"]}}],"collection":[{"href":"https:\/\/floracarpet.eu\/en\/wp-json\/wp\/v2\/product"}],"about":[{"href":"https:\/\/floracarpet.eu\/en\/wp-json\/wp\/v2\/types\/product"}],"replies":[{"embeddable":true,"href":"https:\/\/floracarpet.eu\/en\/wp-json\/wp\/v2\/comments?post=21215"}],"version-history":[{"count":7,"href":"https:\/\/floracarpet.eu\/en\/wp-json\/wp\/v2\/product\/21215\/revisions"}],"predecessor-version":[{"id":23365,"href":"https:\/\/floracarpet.eu\/en\/wp-json\/wp\/v2\/product\/21215\/revisions\/23365"}],"wp:featuredmedia":[{"embeddable":true,"href":"https:\/\/floracarpet.eu\/en\/wp-json\/wp\/v2\/media\/21242"}],"wp:attachment":[{"href":"https:\/\/floracarpet.eu\/en\/wp-json\/wp\/v2\/media?parent=21215"}],"wp:term":[{"taxonomy":"product_cat","embeddable":true,"href":"https:\/\/floracarpet.eu\/en\/wp-json\/wp\/v2\/product_cat?post=21215"},{"taxonomy":"product_tag","embeddable":true,"href":"https:\/\/floracarpet.eu\/en\/wp-json\/wp\/v2\/product_tag?post=21215"}],"curies":[{"name":"wp","href":"https:\/\/api.w.org\/{rel}","templated":true}]}}