{"id":22921,"date":"2024-03-07T13:41:10","date_gmt":"2024-03-07T13:41:10","guid":{"rendered":"https:\/\/floracarpet.eu\/product\/3546-neva\/"},"modified":"2024-03-22T08:36:34","modified_gmt":"2024-03-22T08:36:34","slug":"3546-neva","status":"publish","type":"product","link":"https:\/\/floracarpet.eu\/en\/product\/3546-neva\/","title":{"rendered":"3546 Icon"},"content":{"rendered":"<p>Der rechteckige Teppich <strong>3546 Icon<\/strong> von Flora sorgt f\u00fcr eine moderne Note. Genau richtig im Wohnzimmer oder im Schlafzimmer &#8211; gestalte einfach durch l\u00e4ssig-elegante Einrichtung einen pers\u00f6nlichen Touch f\u00fcr ein angenehmes Wohngef\u00fchl. Die tolle optische Wirkung entsteht neben dem sch\u00f6n herausgearbeiteten Muster. Da sich der flauschige Flor nat\u00fcrlich am besten barfu\u00df genie\u00dfen l\u00e4sst, verwenden wir f\u00fcr die Herstellung der vielseitigen Kurzflor-Teppiche ausschlie\u00dflich gepr\u00fcfte Materialien. Aus dem Multitalent Polyester gewoben, sind die Gewebe trotz der hochwertigen Haptik unerwartet robust und gl\u00e4nzen durch enorme Strapazierbarkeit. Die Teppiche sind dank des flexiblen Teppich-R\u00fcckens kinderleicht zu pflegen- sollte Ihnen ein Missgeschick unterlaufen, k\u00f6nnen Sie sie einfach in der Waschmaschine reinigen.<\/p>\n","protected":false},"excerpt":{"rendered":"<p>\u2022\u00a0Polyester<\/p>\n<p>\u2022\u00a0Marmor-Optik<\/p>\n<p>\u2022\u00a0Waschbar<\/p>\n<p>\u2022\u00a0Antirutschmaterial auf der R\u00fcckseite<\/p>\n","protected":false},"featured_media":21754,"comment_status":"open","ping_status":"closed","template":"","meta":[],"product_cat":[488,331,633],"product_tag":[],"class_list":{"0":"post-22921","1":"product","2":"type-product","3":"status-publish","4":"has-post-thumbnail","6":"product_cat-icon-en","7":"product_cat-washable","8":"product_cat-wohnzimmer-en","10":"first","11":"instock","12":"purchasable","13":"product-type-variable"},"_links":{"self":[{"href":"https:\/\/floracarpet.eu\/en\/wp-json\/wp\/v2\/product\/22921","targetHints":{"allow":["GET"]}}],"collection":[{"href":"https:\/\/floracarpet.eu\/en\/wp-json\/wp\/v2\/product"}],"about":[{"href":"https:\/\/floracarpet.eu\/en\/wp-json\/wp\/v2\/types\/product"}],"replies":[{"embeddable":true,"href":"https:\/\/floracarpet.eu\/en\/wp-json\/wp\/v2\/comments?post=22921"}],"version-history":[{"count":3,"href":"https:\/\/floracarpet.eu\/en\/wp-json\/wp\/v2\/product\/22921\/revisions"}],"predecessor-version":[{"id":23356,"href":"https:\/\/floracarpet.eu\/en\/wp-json\/wp\/v2\/product\/22921\/revisions\/23356"}],"wp:featuredmedia":[{"embeddable":true,"href":"https:\/\/floracarpet.eu\/en\/wp-json\/wp\/v2\/media\/21754"}],"wp:attachment":[{"href":"https:\/\/floracarpet.eu\/en\/wp-json\/wp\/v2\/media?parent=22921"}],"wp:term":[{"taxonomy":"product_cat","embeddable":true,"href":"https:\/\/floracarpet.eu\/en\/wp-json\/wp\/v2\/product_cat?post=22921"},{"taxonomy":"product_tag","embeddable":true,"href":"https:\/\/floracarpet.eu\/en\/wp-json\/wp\/v2\/product_tag?post=22921"}],"curies":[{"name":"wp","href":"https:\/\/api.w.org\/{rel}","templated":true}]}}