{"id":19203,"date":"2022-02-24T19:20:46","date_gmt":"2022-02-24T19:20:46","guid":{"rendered":"https:\/\/floracarpet.eu\/gtc\/"},"modified":"2024-01-09T09:26:49","modified_gmt":"2024-01-09T09:26:49","slug":"gtc","status":"publish","type":"page","link":"https:\/\/floracarpet.eu\/tr\/gtc\/","title":{"rendered":"GTC"},"content":{"rendered":"\n<p><strong>Genel h\u00fck\u00fcm ve ko\u015fullar ve m\u00fc\u015fteri bilgileri<\/strong><\/p>\n\n<p><strong>I. Genel H\u00fck\u00fcm ve Ko\u015fullar<\/strong><\/p>\n\n<p><strong>\u00a7 1 Temel h\u00fck\u00fcmler<\/strong><\/p>\n\n<p><strong>(1) A\u015fa\u011f\u0131daki ticari ko\u015fullar, taraflar aras\u0131nda aksi yaz\u0131l\u0131 olarak kararla\u015ft\u0131r\u0131lmad\u0131k\u00e7a, florahome.eu web sitesi arac\u0131l\u0131\u011f\u0131yla bir tedarik\u00e7i olarak bizimle (Flora Home GmbH, Kuhlesh\u00fctte 7-12, 47809 Krefeld, Almanya) yapt\u0131\u011f\u0131n\u0131z t\u00fcm s\u00f6zle\u015fmeler i\u00e7in ge\u00e7erlidir.<\/strong> Sapma g\u00f6steren veya \u00e7eli\u015fen h\u00fck\u00fcm ve ko\u015fullar yaln\u0131zca bizim a\u00e7\u0131k r\u0131zam\u0131zla ge\u00e7erli olacakt\u0131r.<\/p>\n\n<p><strong>(2) \u00dcr\u00fcnlerimizi yaln\u0131zca, yasal i\u015flemi ger\u00e7ekle\u015ftirirken ticari veya ba\u011f\u0131ms\u0131z mesleki faaliyetini y\u00fcr\u00fcten ger\u00e7ek veya t\u00fczel ki\u015fi veya yasal ehliyete sahip bir ortakl\u0131k (giri\u015fimci) olman\u0131z halinde sat\u0131\u015fa sunuyoruz.<\/strong> T\u00fcketicilerle s\u00f6zle\u015fme yap\u0131lmas\u0131 hari\u00e7 tutulmu\u015ftur.<\/p>\n\n<p><strong>\u00a7 2 S\u00f6zle\u015fmenin imzalanmas\u0131<\/strong><\/p>\n\n<p><strong>(1) S\u00f6zle\u015fmenin konusu mal sat\u0131\u015f\u0131d\u0131r.<\/strong> \u00dcr\u00fcnlerin temel \u00f6zellikleri ilgili teklifte bulunabilir.<\/p>\n\n<p><strong>(2) \u0130nternet \u00fczerindeki tekliflerimiz ba\u011flay\u0131c\u0131 de\u011fildir ve bir s\u00f6zle\u015fme yapmak i\u00e7in ba\u011flay\u0131c\u0131 bir teklif de\u011fildir.<\/strong><\/p>\n\n<p><strong>(3) Ba\u011flay\u0131c\u0131 bir s\u00f6zle\u015fme teklifini (sipari\u015f) telefon, e-posta, faks, posta veya \u00e7evrimi\u00e7i al\u0131\u015fveri\u015f sepeti sistemi arac\u0131l\u0131\u011f\u0131yla g\u00f6nderebilirsiniz.<\/strong><\/p>\n\n<p>Online al\u0131\u015fveri\u015f sepeti sistemi \u00fczerinden sat\u0131n alma yap\u0131l\u0131rken, sat\u0131n al\u0131nmas\u0131 ama\u00e7lanan \u00fcr\u00fcnler &#8220;al\u0131\u015fveri\u015f sepetine&#8221; yerle\u015ftirilir. Navigasyon \u00e7ubu\u011fundaki ilgili d\u00fc\u011fme arac\u0131l\u0131\u011f\u0131yla &#8220;Al\u0131\u015fveri\u015f sepetini&#8221; \u00e7a\u011f\u0131rabilir ve istedi\u011finiz zaman burada de\u011fi\u015fiklik yapabilirsiniz. &#8220;\u00d6deme&#8221; sayfas\u0131na eri\u015ftikten ve ki\u015fisel verilerin yan\u0131 s\u0131ra \u00f6deme ve g\u00f6nderim ko\u015fullar\u0131n\u0131 girdikten sonra, t\u00fcm sipari\u015f verileri son olarak sipari\u015f genel bak\u0131\u015f sayfas\u0131nda tekrar g\u00f6r\u00fcnt\u00fclenir.<\/p>\n\n<p>Sipari\u015fi g\u00f6ndermeden \u00f6nce, t\u00fcm ayr\u0131nt\u0131lar\u0131 tekrar kontrol etme, de\u011fi\u015ftirme (ayr\u0131ca \u0130nternet taray\u0131c\u0131s\u0131n\u0131n &#8220;geri&#8221; i\u015flevini kullanarak) veya sat\u0131n alma i\u015flemini iptal etme se\u00e7ene\u011finiz vard\u0131r. Sipari\u015fi ilgili buton arac\u0131l\u0131\u011f\u0131yla g\u00f6ndererek bize ba\u011flay\u0131c\u0131 bir teklif sunmu\u015f olursunuz.<\/p>\n\n<p>\u0130lk olarak sipari\u015finizin al\u0131nd\u0131\u011f\u0131na dair otomatik bir e-posta alacaks\u0131n\u0131z, ancak bu hen\u00fcz s\u00f6zle\u015fmenin imzalanmas\u0131na yol a\u00e7maz.<\/p>\n\n<p><strong>(4) Teklifin kabul\u00fc (ve dolay\u0131s\u0131yla s\u00f6zle\u015fmenin imzalanmas\u0131), telefonla sipari\u015f verildi\u011finde derhal veya en ge\u00e7 5 g\u00fcn i\u00e7inde, sipari\u015fin yerine getirilmesinin veya mallar\u0131n teslim edilmesinin size teyit edildi\u011fi metin bi\u00e7iminde (\u00f6rne\u011fin e-posta) onay ile ger\u00e7ekle\u015fir (sipari\u015f onay\u0131).<\/strong><\/p>\n\n<p>Bu s\u00fcre i\u00e7inde ilgili bir mesaj almad\u0131ysan\u0131z, art\u0131k sipari\u015finizle ba\u011fl\u0131 de\u011filsiniz. Bu durumda, halihaz\u0131rda sunulmu\u015f olan hizmetler derhal iade edilecektir.<\/p>\n\n<p><strong>(5) Talep \u00fczerine, size metin bi\u00e7iminde g\u00f6nderilecek ve 5 g\u00fcn boyunca ba\u011fl\u0131 kalaca\u011f\u0131m\u0131z \u00f6zelle\u015ftirilmi\u015f bir teklif sunaca\u011f\u0131z.<\/strong> Teklifi metin bi\u00e7iminde bir onay ile kabul edersiniz.<\/p>\n\n<p><strong>(6) Sipari\u015fin i\u015flenmesi ve s\u00f6zle\u015fmenin imzalanmas\u0131yla ba\u011flant\u0131l\u0131 olarak gerekli t\u00fcm bilgilerin iletilmesi k\u0131smen e-posta ile otomatikle\u015ftirilmi\u015ftir.<\/strong> Bu nedenle, bize verdi\u011finiz e-posta adresinin do\u011fru oldu\u011fundan, e-postalar\u0131n al\u0131nmas\u0131n\u0131n teknik olarak sa\u011fland\u0131\u011f\u0131ndan ve \u00f6zellikle SPAM filtreleri taraf\u0131ndan engellenmedi\u011finden emin olmal\u0131s\u0131n\u0131z.<\/p>\n\n<p><strong>\u00a7 3 Fiyatlar, \u00f6deme ko\u015fullar\u0131 ve nakliye masraflar\u0131<\/strong><\/p>\n\n<p>(1) \u0130lgili tekliflerde belirtilen fiyatlar ve nakliye masraflar\u0131 net fiyatlard\u0131r. Bunlara yasal katma de\u011fer vergisi dahil de\u011fildir.<\/p>\n\n<p>(2) Olu\u015fan nakliye masraflar\u0131 sat\u0131n alma fiyat\u0131na dahil de\u011fildir ve \u00fccretsiz teslimat kararla\u015ft\u0131r\u0131lmad\u0131\u011f\u0131 s\u00fcrece ayr\u0131ca tahsil edilecektir. Daha fazla ayr\u0131nt\u0131, web sitemizdeki ilgili etiketli d\u00fc\u011fmenin alt\u0131nda veya ilgili teklifte bulunabilir.<\/p>\n\n<p>(3) Web sitemizde veya ilgili teklifte uygun \u015fekilde etiketlenmi\u015f bir d\u00fc\u011fme alt\u0131nda g\u00f6sterilen \u00f6deme se\u00e7eneklerine sahipsiniz. M\u00fcnferit \u00f6deme y\u00f6ntemlerinde veya faturada ba\u015fka bir \u00f6deme s\u00fcresi belirtilmemi\u015fse, akdedilen s\u00f6zle\u015fmeden kaynaklanan \u00f6deme talepleri derhal \u00f6denmelidir. \u0130ndirimlerin d\u00fc\u015f\u00fclmesine yaln\u0131zca ilgili teklif veya faturada a\u00e7\u0131k\u00e7a belirtilmesi halinde izin verilir.<\/p>\n\n<p><strong>\u00a7 4 Teslimat ko\u015fullar\u0131<\/strong><\/p>\n\n<p><strong>(1) Beklenen teslimat s\u00fcresi ilgili teklifte belirtilmi\u015ftir.<\/strong> Teslimat tarihleri ve teslimat s\u00fcreleri sadece taraf\u0131m\u0131zdan yaz\u0131l\u0131 olarak teyit edildikleri takdirde ba\u011flay\u0131c\u0131d\u0131r. \u00d6demenin banka havalesi ile pe\u015fin olarak yap\u0131lmas\u0131 halinde, sat\u0131n alma bedelinin tamam\u0131 ve nakliye masraflar\u0131 taraf\u0131m\u0131za ula\u015fmadan mallar g\u00f6nderilmeyecektir.<\/p>\n\n<p><strong>\u00d6demenin banka havalesi ile pe\u015fin olarak yap\u0131lmas\u0131 halinde, sat\u0131n alma bedelinin tamam\u0131 ve nakliye masraflar\u0131 taraf\u0131m\u0131za ula\u015fmadan mallar g\u00f6nderilmeyecektir.<\/strong><\/p>\n\n<p><strong>(3) Sevkiyat riski size aittir.<\/strong> Dilerseniz, mallar uygun nakliye sigortas\u0131 ile g\u00f6nderilecek ve bunun sonucunda ortaya \u00e7\u0131kan masraflar taraf\u0131n\u0131zdan kar\u015f\u0131lanacakt\u0131r.<\/p>\n\n<p><strong>(4) K\u0131smi teslimatlara izin verilebilir ve sonu\u00e7 olarak nakliye i\u00e7in sizden ek \u00fccret talep edilmemesi ko\u015fuluyla taraf\u0131m\u0131zdan ba\u011f\u0131ms\u0131z olarak faturaland\u0131r\u0131labilir.<\/strong><\/p>\n\n<p><strong>\u00a7 5 Garanti<\/strong><\/p>\n\n<p><strong>(1) Garanti s\u00fcresi \u00fcr\u00fcn\u00fcn tesliminden itibaren bir y\u0131ld\u0131r.<\/strong> K\u0131salt\u0131lm\u0131\u015f son tarih ge\u00e7erli de\u011fildir:<\/p>\n\n<p>Ya\u015fam, uzuv veya sa\u011fl\u0131k yaralanmas\u0131ndan kaynaklanan bize atfedilebilecek kusurlu olarak neden olunan hasar ve kas\u0131tl\u0131 olarak veya a\u011f\u0131r ihmal yoluyla neden olunan di\u011fer hasarlar i\u00e7in;<\/p>\n\n<p>Kusuru hileli bir \u015fekilde gizledi\u011fimiz veya \u00fcr\u00fcn\u00fcn kalitesi i\u00e7in bir garanti \u00fcstlendi\u011fimiz s\u00fcrece;<\/p>\n\n<p>Bir bina i\u00e7in normal kullan\u0131mlar\u0131na uygun olarak kullan\u0131lm\u0131\u015f ve kusurlu olmas\u0131na neden olmu\u015f \u00f6\u011feler i\u00e7in;<\/p>\n\n<p>garanti haklar\u0131yla ba\u011flant\u0131l\u0131 olarak bize kar\u015f\u0131 sahip oldu\u011funuz yasal r\u00fccu talepleri durumunda.<\/p>\n\n<p><strong>(2) \u00dcr\u00fcn\u00fcn kalitesi konusunda sadece kendi spesifikasyonlar\u0131m\u0131z ve \u00fcreticinin \u00fcr\u00fcn a\u00e7\u0131klamas\u0131 kabul edilmi\u015f say\u0131lacak, di\u011fer reklamlar, kamu tan\u0131t\u0131mlar\u0131 ve \u00fcreticinin beyanlar\u0131 kabul edilmeyecektir.<\/strong><\/p>\n\n<p><strong>(3) Kusur durumunda, kendi takdirimize ba\u011fl\u0131 olarak onar\u0131m veya m\u00fcteakip teslimat yoluyla garanti sa\u011flayaca\u011f\u0131z.<\/strong> Kusurlar\u0131n giderilmesi ba\u015far\u0131s\u0131z olursa, kendi takdirinize ba\u011fl\u0131 olarak fiyatta bir indirim talep edebilir veya s\u00f6zle\u015fmeden \u00e7ekilebilirsiniz. \u00dcr\u00fcn\u00fcn veya kusurun niteli\u011fi ya da di\u011fer ko\u015fullar aksini g\u00f6stermedik\u00e7e, kusurlar\u0131n giderilmesi ikinci ba\u015far\u0131s\u0131z denemeden sonra ba\u015far\u0131s\u0131z olmu\u015f say\u0131lacakt\u0131r. Kusurlar\u0131n giderilmesi durumunda, nakliyenin mallar\u0131n kullan\u0131m amac\u0131na uygun olmamas\u0131 ko\u015fuluyla, mallar\u0131n ifa yerinden ba\u015fka bir yere nakledilmesinden kaynaklanan artan masraflar\u0131 \u00fcstlenmek zorunda de\u011filiz.<\/p>\n\n<p><strong>\u00a7 6 Al\u0131koyma hakk\u0131, m\u00fclkiyetin sakl\u0131 tutulmas\u0131<\/strong><\/p>\n\n<p><strong>(1) Bir al\u0131koyma hakk\u0131n\u0131 yaln\u0131zca ayn\u0131 s\u00f6zle\u015fme ili\u015fkisinden kaynaklanan taleplerle ilgili oldu\u011fu s\u00fcrece kullanabilirsiniz.<\/strong><\/p>\n\n<p><strong>(2) Mevcut i\u015f ili\u015fkisinden kaynaklanan t\u00fcm alacaklar tamamen \u00f6denene kadar mallar\u0131n m\u00fclkiyetini sakl\u0131 tutar\u0131z.<\/strong> Rezerve edilen mallar\u0131n m\u00fclkiyetinin devredilmesinden \u00f6nce, rehin verilmesine veya teminat yoluyla devredilmesine izin verilmez.<\/p>\n\n<p><strong>(3) Mallar\u0131 ola\u011fan i\u015f ak\u0131\u015f\u0131 i\u00e7inde yeniden satabilirsiniz.<\/strong> Bu durumda, yeniden sat\u0131\u015ftan dolay\u0131 size tahakkuk eden fatura tutar\u0131 tutar\u0131ndaki t\u00fcm talepleri bize devredersiniz; biz de bu devri kabul ederiz. Ayr\u0131ca alaca\u011f\u0131 tahsil etme yetkisine de sahipsiniz. Ancak, \u00f6deme y\u00fck\u00fcml\u00fcl\u00fcklerinizi gerekti\u011fi gibi yerine getirmemeniz halinde, alaca\u011f\u0131n\u0131z\u0131 kendimiz tahsil etme hakk\u0131m\u0131z\u0131 sakl\u0131 tutar\u0131z.<\/p>\n\n<p><strong>(4) M\u00fclkiyeti sakl\u0131 tutulan mallar birle\u015ftirilir ve kar\u0131\u015ft\u0131r\u0131l\u0131rsa, m\u00fclkiyeti sakl\u0131 tutulan mallar\u0131n fatura de\u011ferinin i\u015flenme s\u0131ras\u0131ndaki di\u011fer i\u015flenmi\u015f kalemlere oran\u0131 kadar yeni kalemin ortak m\u00fclkiyetini ediniriz.<\/strong><\/p>\n\n<p><strong>(5) Menkul k\u0131ymetlerimizin ger\u00e7ekle\u015febilir de\u011ferinin teminat alt\u0131na al\u0131nacak alaca\u011f\u0131 %10&#8217;dan fazla a\u015ft\u0131\u011f\u0131 \u00f6l\u00e7\u00fcde, talebiniz \u00fczerine hak sahibi oldu\u011funuz menkul k\u0131ymetleri serbest b\u0131rakmay\u0131 taahh\u00fct ederiz.<\/strong> Serbest b\u0131rak\u0131lacak teminat\u0131n se\u00e7iminden biz sorumlu olaca\u011f\u0131z.<\/p>\n\n<p><strong>\u00a7 7 Hukuk se\u00e7imi, yerine getirme yeri, yarg\u0131 yeri<\/strong><\/p>\n\n<p><strong>(1) Uluslararas\u0131 Mal Sat\u0131m\u0131na \u0130li\u015fkin S\u00f6zle\u015fmeler Hakk\u0131nda BM Antla\u015fmas\u0131 hari\u00e7 olmak \u00fczere Alman hukuku uygulanacakt\u0131r.<\/strong><\/p>\n\n<p><strong>(2) Bir tacir, kamu hukuku kapsam\u0131nda bir t\u00fczel ki\u015filik veya kamu hukuku kapsam\u0131nda \u00f6zel bir fon iseniz, yerine getirme yeri ve yarg\u0131 yeri kay\u0131tl\u0131 ofisimizdir.<\/strong> Ayn\u0131 durum, Almanya veya AB&#8217;de genel bir yarg\u0131 yetkisine sahip de\u011filseniz de ge\u00e7erlidir.<\/p>\n\n<p>____________________________________________________________________________________________________<\/p>\n\n<p><strong>II M\u00fc\u015fteri bilgileri<\/strong><\/p>\n\n<p><strong>1. sat\u0131c\u0131n\u0131n kimli\u011fi<\/strong><\/p>\n\n<p>Flora Home GmbH<\/p>\n\n<p>Kuhlesh\u00fctte 7-12<\/p>\n\n<p>47809 Krefeld<\/p>\n\n<p>Almanya<\/p>\n\n<p>Telefon: 02151782740<\/p>\n\n<p>E-Mail: info@floracarpet.euahome.eu<\/p>\n\n<p><strong>2. S\u00f6zle\u015fmenin imzalanmas\u0131na ili\u015fkin bilgiler<\/strong><\/p>\n\n<p>S\u00f6zle\u015fmenin imzalanmas\u0131na y\u00f6nelik teknik ad\u0131mlar ve s\u00f6zle\u015fmenin imzalanmas\u0131n\u0131n yan\u0131 s\u0131ra d\u00fczeltme se\u00e7enekleri, Genel H\u00fck\u00fcm ve Ko\u015fullar\u0131m\u0131z\u0131n (B\u00f6l\u00fcm I) 2. maddesine uygun olarak ger\u00e7ekle\u015ftirilir.<\/p>\n\n<p><strong>3. s\u00f6zle\u015fme dili, s\u00f6zle\u015fme metni depolama<\/strong><\/p>\n\n<p>3.1. S\u00f6zle\u015fme dili Almancad\u0131r.<\/p>\n\n<p>3.2. S\u00f6zle\u015fmenin tam metni taraf\u0131m\u0131zdan saklanmaz. Sipari\u015fi veya talebi g\u00f6ndermeden \u00f6nce, s\u00f6zle\u015fme verilerinin \u00e7\u0131kt\u0131s\u0131 al\u0131nabilir veya taray\u0131c\u0131n\u0131n yazd\u0131rma i\u015flevi kullan\u0131larak elektronik olarak kaydedilebilir.<\/p>\n\n<p>Bu G\u015eK, H\u00e4ndlerbund&#8217;un bili\u015fim hukuku alan\u0131nda uzman avukatlar\u0131 taraf\u0131ndan haz\u0131rlanm\u0131\u015f ve yasal uygunluk a\u00e7\u0131s\u0131ndan s\u00fcrekli olarak kontrol edilmi\u015ftir. H\u00e4ndlerbund Management AG, metinlerin yasal g\u00fcvenli\u011fini garanti eder ve uyar\u0131lar durumunda sorumludur. Bu konuda daha fazla bilgiyi \u015fu adreste bulabilirsiniz: <a href=\"http:\/\/www.haendlerbund.de\/agb-service\">http:\/\/www.haendlerbund.de\/agb-service<\/a>.<\/p>\n\n<p>son g\u00fcncelleme: 07.12.2017<\/p>\n","protected":false},"excerpt":{"rendered":"<p>Genel h\u00fck\u00fcm ve ko\u015fullar ve m\u00fc\u015fteri bilgileri I. Genel H\u00fck\u00fcm ve Ko\u015fullar \u00a7 1 Temel h\u00fck\u00fcmler (1) A\u015fa\u011f\u0131daki ticari ko\u015fullar, taraflar aras\u0131nda aksi yaz\u0131l\u0131 olarak kararla\u015ft\u0131r\u0131lmad\u0131k\u00e7a, florahome.eu web sitesi arac\u0131l\u0131\u011f\u0131yla bir tedarik\u00e7i olarak bizimle (Flora Home GmbH, Kuhlesh\u00fctte 7-12, 47809 Krefeld, Almanya) yapt\u0131\u011f\u0131n\u0131z t\u00fcm s\u00f6zle\u015fmeler i\u00e7in ge\u00e7erlidir. Sapma g\u00f6steren veya \u00e7eli\u015fen h\u00fck\u00fcm ve ko\u015fullar yaln\u0131zca [&hellip;]<\/p>\n","protected":false},"author":1,"featured_media":0,"parent":0,"menu_order":0,"comment_status":"closed","ping_status":"closed","template":"","meta":{"footnotes":""},"class_list":["post-19203","page","type-page","status-publish","hentry"],"_links":{"self":[{"href":"https:\/\/floracarpet.eu\/tr\/wp-json\/wp\/v2\/pages\/19203","targetHints":{"allow":["GET"]}}],"collection":[{"href":"https:\/\/floracarpet.eu\/tr\/wp-json\/wp\/v2\/pages"}],"about":[{"href":"https:\/\/floracarpet.eu\/tr\/wp-json\/wp\/v2\/types\/page"}],"author":[{"embeddable":true,"href":"https:\/\/floracarpet.eu\/tr\/wp-json\/wp\/v2\/users\/1"}],"replies":[{"embeddable":true,"href":"https:\/\/floracarpet.eu\/tr\/wp-json\/wp\/v2\/comments?post=19203"}],"version-history":[{"count":1,"href":"https:\/\/floracarpet.eu\/tr\/wp-json\/wp\/v2\/pages\/19203\/revisions"}],"predecessor-version":[{"id":19214,"href":"https:\/\/floracarpet.eu\/tr\/wp-json\/wp\/v2\/pages\/19203\/revisions\/19214"}],"wp:attachment":[{"href":"https:\/\/floracarpet.eu\/tr\/wp-json\/wp\/v2\/media?parent=19203"}],"curies":[{"name":"wp","href":"https:\/\/api.w.org\/{rel}","templated":true}]}}