{"id":19283,"date":"2022-02-24T19:24:26","date_gmt":"2022-02-24T19:24:26","guid":{"rendered":"https:\/\/floracarpet.eu\/hakkimizda\/"},"modified":"2024-01-09T09:26:57","modified_gmt":"2024-01-09T09:26:57","slug":"hakkimizda","status":"publish","type":"page","link":"https:\/\/floracarpet.eu\/tr\/hakkimizda\/","title":{"rendered":"Hakk\u0131m\u0131zda"},"content":{"rendered":"\t\t<div data-elementor-type=\"wp-page\" data-elementor-id=\"19283\" class=\"elementor elementor-19283 elementor-11983\">\n\t\t\t\t\t\t<section class=\"elementor-section elementor-top-section elementor-element elementor-element-1940c206 elementor-section-boxed elementor-section-height-default elementor-section-height-default\" data-id=\"1940c206\" data-element_type=\"section\" data-e-type=\"section\" data-settings=\"{&quot;background_background&quot;:&quot;classic&quot;}\">\n\t\t\t\t\t\t<div class=\"elementor-container elementor-column-gap-no\">\n\t\t\t\t\t<div class=\"elementor-column elementor-col-100 elementor-top-column elementor-element elementor-element-3abefab5\" data-id=\"3abefab5\" data-element_type=\"column\" data-e-type=\"column\" data-settings=\"{&quot;background_background&quot;:&quot;classic&quot;}\">\n\t\t\t<div class=\"elementor-widget-wrap elementor-element-populated\">\n\t\t\t\t\t<div class=\"elementor-background-overlay\"><\/div>\n\t\t\t\t\t\t<div class=\"elementor-element elementor-element-fbbf05a elementor-widget elementor-widget-heading\" data-id=\"fbbf05a\" data-element_type=\"widget\" data-e-type=\"widget\" data-widget_type=\"heading.default\">\n\t\t\t\t<div class=\"elementor-widget-container\">\n\t\t\t\t\t<h2 class=\"elementor-heading-title elementor-size-default\">Hepimizin \u015f\u0131k ve \u015f\u0131k oldu\u011fu kadar <br> evde yaratabilir.<\/h2>\t\t\t\t<\/div>\n\t\t\t\t<\/div>\n\t\t\t\t\t<\/div>\n\t\t<\/div>\n\t\t\t\t\t<\/div>\n\t\t<\/section>\n\t\t\t\t<section class=\"elementor-section elementor-top-section elementor-element elementor-element-3d00b796 elementor-section-boxed elementor-section-height-default elementor-section-height-default\" data-id=\"3d00b796\" data-element_type=\"section\" data-e-type=\"section\" data-settings=\"{&quot;background_background&quot;:&quot;classic&quot;}\">\n\t\t\t\t\t\t<div class=\"elementor-container elementor-column-gap-no\">\n\t\t\t\t\t<div class=\"elementor-column elementor-col-100 elementor-top-column elementor-element elementor-element-bfcc4ca\" data-id=\"bfcc4ca\" data-element_type=\"column\" data-e-type=\"column\">\n\t\t\t<div class=\"elementor-widget-wrap elementor-element-populated\">\n\t\t\t\t\t\t<div class=\"elementor-element elementor-element-56f6a6b4 elementor-widget elementor-widget-heading\" data-id=\"56f6a6b4\" data-element_type=\"widget\" data-e-type=\"widget\" data-widget_type=\"heading.default\">\n\t\t\t\t<div class=\"elementor-widget-container\">\n\t\t\t\t\t<h3 class=\"elementor-heading-title elementor-size-default\">Hakk\u0131m\u0131zda<\/h3>\t\t\t\t<\/div>\n\t\t\t\t<\/div>\n\t\t\t\t<section class=\"elementor-section elementor-inner-section elementor-element elementor-element-4b432fd2 elementor-section-boxed elementor-section-height-default elementor-section-height-default\" data-id=\"4b432fd2\" data-element_type=\"section\" data-e-type=\"section\">\n\t\t\t\t\t\t<div class=\"elementor-container elementor-column-gap-extended\">\n\t\t\t\t\t<div class=\"elementor-column elementor-col-25 elementor-inner-column elementor-element elementor-element-26af64a1\" data-id=\"26af64a1\" data-element_type=\"column\" data-e-type=\"column\">\n\t\t\t<div class=\"elementor-widget-wrap\">\n\t\t\t\t\t\t\t<\/div>\n\t\t<\/div>\n\t\t\t\t<div class=\"elementor-column elementor-col-25 elementor-inner-column elementor-element elementor-element-109b71ac\" data-id=\"109b71ac\" data-element_type=\"column\" data-e-type=\"column\">\n\t\t\t<div class=\"elementor-widget-wrap elementor-element-populated\">\n\t\t\t\t\t\t<div class=\"elementor-element elementor-element-33c934d1 elementor-widget elementor-widget-text-editor\" data-id=\"33c934d1\" data-element_type=\"widget\" data-e-type=\"widget\" data-widget_type=\"text-editor.default\">\n\t\t\t\t<div class=\"elementor-widget-container\">\n\t\t\t\t\t\t\t\t\t<p>Aile \u015firketi olan HATEX As GmbH &amp; Co. KG 1997 y\u0131l\u0131nda Say\u0131n Burhan Asan taraf\u0131ndan kurulmu\u015ftur. \u015eirketin temelleri, 1976 y\u0131l\u0131nda T\u00fcrkiye&#8217;den Almanya&#8217;ya g\u00f6\u00e7 eden ve Hasan Export&#8217;u kuran babas\u0131 Hasan Asan taraf\u0131ndan at\u0131lm\u0131\u015ft\u0131r. Burhan Asan burada perakende d\u00fcnyas\u0131n\u0131n t\u00fcm \u00f6nemli alanlar\u0131n\u0131 tan\u0131ma ve \u015firketin zengin ge\u00e7mi\u015fini ba\u015far\u0131yla s\u00fcrd\u00fcrme f\u0131rsat\u0131 buldu.<\/p>\n<p>Bug\u00fcn Hatex Group, kendi segmentlerinde \u00f6nde gelen \u00fcretici ve tedarik\u00e7ilerden biridir:<\/p>\n<ul>\n<li>K\u00fc\u00e7\u00fck elektrikli ev aletleri<\/li>\n<li>Ev e\u015fyalar\u0131<\/li>\n<li>Tencere\/tava<\/li>\n<li>Hediye makaleleri<\/li>\n<li>Cam\/porselen<\/li>\n<li>Bavul<\/li>\n<li>Ev tekstili<\/li>\n<li>Hal\u0131lar<\/li>\n<\/ul>\n<p>farkl\u0131 marka isimleri alt\u0131nda uluslararas\u0131 da\u011f\u0131t\u0131m\u0131 yap\u0131lmaktad\u0131r. Ev ve ana marka Sch\u00e4fer&#8217;in yan\u0131 s\u0131ra, zaman i\u00e7inde ba\u015fka markalar da kurulmu\u015f veya sat\u0131n al\u0131nm\u0131\u015ft\u0131r. 20 y\u0131ll\u0131k deneyim ve en \u00f6nemli ticaret ortaklar\u0131yla kurulan temaslar i\u015fbirli\u011finin temelini olu\u015fturmaktad\u0131r. Willich&#8217;teki modern lojistik merkezimiz 4000&#8217;den fazla \u00fcr\u00fcnden olu\u015fan \u00fcr\u00fcn yelpazesini do\u011frudan Almanya&#8217;daki ve yurtd\u0131\u015f\u0131ndaki perakendecilere, posta sipari\u015fi \u015firketlerine, toptanc\u0131lara, al\u0131\u015fveri\u015f merkezlerine, hipermarketlere, b\u00fcy\u00fck ma\u011fazalara ve indirim ma\u011fazalar\u0131na ula\u015ft\u0131rmaktad\u0131r.<\/p>\n\t\t\t\t\t\t\t\t<\/div>\n\t\t\t\t<\/div>\n\t\t\t\t\t<\/div>\n\t\t<\/div>\n\t\t\t\t<div class=\"elementor-column elementor-col-25 elementor-inner-column elementor-element elementor-element-758cd304\" data-id=\"758cd304\" data-element_type=\"column\" data-e-type=\"column\">\n\t\t\t<div class=\"elementor-widget-wrap elementor-element-populated\">\n\t\t\t\t\t\t<div class=\"elementor-element elementor-element-7e77e3ab elementor-widget elementor-widget-text-editor\" data-id=\"7e77e3ab\" data-element_type=\"widget\" data-e-type=\"widget\" data-widget_type=\"text-editor.default\">\n\t\t\t\t<div class=\"elementor-widget-container\">\n\t\t\t\t\t\t\t\t\t<p>Biz, Flora Home GmbH, Krefeld merkezli bir hal\u0131 toptanc\u0131s\u0131y\u0131z.<\/p>\n<p>\u015eirketimiz 2014 y\u0131l\u0131nda kuruldu ve o zamandan beri g\u00fc\u00e7l\u00fc bir b\u00fcy\u00fcme kaydetti.<\/p>\n<p>Bizim i\u00e7in her \u015fey &#8220;hal\u0131&#8221; anahtar kelimesi etraf\u0131nda d\u00f6n\u00fcyor.<\/p>\n<p>\u0130ster yata\u011f\u0131n\u0131z\u0131n yan\u0131nda duran k\u00fc\u00e7\u00fck bir hal\u0131 k\u00f6pr\u00fc olsun, ister ya\u015fam alan\u0131n\u0131z i\u00e7in \u00e7ekici, y\u00fcksek kaliteli bir hal\u0131.<\/p>\n<p>Arad\u0131\u011f\u0131n\u0131z\u0131 burada bulacaks\u0131n\u0131z!<\/p>\n<p>M\u00fc\u015fteri dostu olmam\u0131z ve son teslim tarihlerine titizlikle uymam\u0131z g\u00fc\u00e7l\u00fc y\u00f6nlerimiz aras\u0131ndad\u0131r.<\/p>\n<p>\u015eirket felsefemiz \u015fudur: her mutlu m\u00fc\u015fteri iyi bir m\u00fc\u015fteridir.<\/p>\n<p>\u00dcr\u00fcnlerimizi yaln\u0131zca esnaflara satt\u0131\u011f\u0131m\u0131z\u0131 l\u00fctfen unutmay\u0131n.<\/p>\n<p>M\u00fc\u015fterilerimizle birlikte geli\u015fmek istiyoruz&#8221;<\/p><\/p>\n\t\t\t\t\t\t\t\t<\/div>\n\t\t\t\t<\/div>\n\t\t\t\t\t<\/div>\n\t\t<\/div>\n\t\t\t\t<div class=\"elementor-column elementor-col-25 elementor-inner-column elementor-element elementor-element-503a69fd\" data-id=\"503a69fd\" data-element_type=\"column\" data-e-type=\"column\">\n\t\t\t<div class=\"elementor-widget-wrap\">\n\t\t\t\t\t\t\t<\/div>\n\t\t<\/div>\n\t\t\t\t\t<\/div>\n\t\t<\/section>\n\t\t\t\t<div class=\"elementor-element elementor-element-4b8d6b3 elementor-widget elementor-widget-text-editor\" data-id=\"4b8d6b3\" data-element_type=\"widget\" data-e-type=\"widget\" data-widget_type=\"text-editor.default\">\n\t\t\t\t<div class=\"elementor-widget-container\">\n\t\t\t\t\t\t\t\t\t<p><strong>Emrah Asan<\/strong><\/p>\n\t\t\t\t\t\t\t\t<\/div>\n\t\t\t\t<\/div>\n\t\t\t\t\t<\/div>\n\t\t<\/div>\n\t\t\t\t\t<\/div>\n\t\t<\/section>\n\t\t\t\t<section class=\"elementor-section elementor-top-section elementor-element elementor-element-77eac07a elementor-section-boxed elementor-section-height-default elementor-section-height-default\" data-id=\"77eac07a\" data-element_type=\"section\" data-e-type=\"section\">\n\t\t\t\t\t\t<div class=\"elementor-container elementor-column-gap-extended\">\n\t\t\t\t\t<div class=\"elementor-column elementor-col-25 elementor-top-column elementor-element elementor-element-18aa0f53\" data-id=\"18aa0f53\" data-element_type=\"column\" data-e-type=\"column\">\n\t\t\t<div class=\"elementor-widget-wrap elementor-element-populated\">\n\t\t\t\t\t\t<div class=\"elementor-element elementor-element-4b9c9209 elementor-position-left elementor-vertical-align-middle elementor-view-default elementor-widget elementor-widget-razzi-icon-box\" data-id=\"4b9c9209\" data-element_type=\"widget\" data-e-type=\"widget\" data-widget_type=\"razzi-icon-box.default\">\n\t\t\t\t<div class=\"elementor-widget-container\">\n\t\t\t\t\t\t\t<div class=\"razzi-icon-box\">\n\t\t\t\t\t\t<div class=\"razzi-icon-box__icon\">\n\t\t\t\t<span class=\"razzi-img-icon elementor-animation-\" >\n\t\t\t\t<img decoding=\"async\" src=\"https:\/\/demo4.drfuri.com\/media\/razzi\/truck3.svg\" alt=\"\u00dcCRETS\u0130Z KARGO\" \/>\t\t\t\t<\/span>\n\t\t\t<\/div>\n\t\t\t\t\t\t<div class=\"razzi-icon-box__content\">\n\t\t\t\t<div class=\"razzi-icon-box__title\">\n\t\t\t\t\t<span  >\n\t\t\t\t\t\t\u00dcCRETS\u0130Z KARGO\t\t\t\t\t<\/span>\n\t\t\t\t<\/div>\n\t\t\t\t\t\t\t\t\t<p class=\"razzi-icon-box__description\">\n\t\t\t\t\t\t100$ \u00fczeri t\u00fcm sipari\u015flerden\t\t\t\t\t<\/p>\n\t\t\t\t\t\t\t<\/div>\n\t\t<\/div>\n\t\t\t\t\t\t<\/div>\n\t\t\t\t<\/div>\n\t\t\t\t\t<\/div>\n\t\t<\/div>\n\t\t\t\t<div class=\"elementor-column elementor-col-25 elementor-top-column elementor-element elementor-element-7f96bec1\" data-id=\"7f96bec1\" data-element_type=\"column\" data-e-type=\"column\">\n\t\t\t<div class=\"elementor-widget-wrap elementor-element-populated\">\n\t\t\t\t\t\t<div class=\"elementor-element elementor-element-4a63bbea elementor-position-left elementor-vertical-align-middle elementor-view-default elementor-widget elementor-widget-razzi-icon-box\" data-id=\"4a63bbea\" data-element_type=\"widget\" data-e-type=\"widget\" data-widget_type=\"razzi-icon-box.default\">\n\t\t\t\t<div class=\"elementor-widget-container\">\n\t\t\t\t\t\t\t<div class=\"razzi-icon-box\">\n\t\t\t\t\t\t<div class=\"razzi-icon-box__icon\">\n\t\t\t\t<span class=\"razzi-img-icon elementor-animation-\" >\n\t\t\t\t<img decoding=\"async\" src=\"https:\/\/demo4.drfuri.com\/media\/razzi\/money.svg\" alt=\"\u00dccretsiz \u0130ade\" \/>\t\t\t\t<\/span>\n\t\t\t<\/div>\n\t\t\t\t\t\t<div class=\"razzi-icon-box__content\">\n\t\t\t\t<div class=\"razzi-icon-box__title\">\n\t\t\t\t\t<span  >\n\t\t\t\t\t\t\u00dccretsiz \u0130ade\t\t\t\t\t<\/span>\n\t\t\t\t<\/div>\n\t\t\t\t\t\t\t\t\t<p class=\"razzi-icon-box__description\">\n\t\t\t\t\t\tParay\u0131 30 g\u00fcn i\u00e7inde iade edin\t\t\t\t\t<\/p>\n\t\t\t\t\t\t\t<\/div>\n\t\t<\/div>\n\t\t\t\t\t\t<\/div>\n\t\t\t\t<\/div>\n\t\t\t\t\t<\/div>\n\t\t<\/div>\n\t\t\t\t<div class=\"elementor-column elementor-col-25 elementor-top-column elementor-element elementor-element-17d76a4\" data-id=\"17d76a4\" data-element_type=\"column\" data-e-type=\"column\">\n\t\t\t<div class=\"elementor-widget-wrap elementor-element-populated\">\n\t\t\t\t\t\t<div class=\"elementor-element elementor-element-6173c798 elementor-position-left elementor-vertical-align-middle elementor-view-default elementor-widget elementor-widget-razzi-icon-box\" data-id=\"6173c798\" data-element_type=\"widget\" data-e-type=\"widget\" data-widget_type=\"razzi-icon-box.default\">\n\t\t\t\t<div class=\"elementor-widget-container\">\n\t\t\t\t\t\t\t<div class=\"razzi-icon-box\">\n\t\t\t\t\t\t<div class=\"razzi-icon-box__icon\">\n\t\t\t\t<span class=\"razzi-img-icon elementor-animation-\" >\n\t\t\t\t<img decoding=\"async\" src=\"https:\/\/demo4.drfuri.com\/media\/razzi\/box.svg\" alt=\"G\u00fcvenli Al\u0131\u015fveri\u015f\" \/>\t\t\t\t<\/span>\n\t\t\t<\/div>\n\t\t\t\t\t\t<div class=\"razzi-icon-box__content\">\n\t\t\t\t<div class=\"razzi-icon-box__title\">\n\t\t\t\t\t<span  >\n\t\t\t\t\t\tG\u00fcvenli Al\u0131\u015fveri\u015f\t\t\t\t\t<\/span>\n\t\t\t\t<\/div>\n\t\t\t\t\t\t\t\t\t<p class=\"razzi-icon-box__description\">\n\t\t\t\t\t\tEmin ellerdesiniz\t\t\t\t\t<\/p>\n\t\t\t\t\t\t\t<\/div>\n\t\t<\/div>\n\t\t\t\t\t\t<\/div>\n\t\t\t\t<\/div>\n\t\t\t\t\t<\/div>\n\t\t<\/div>\n\t\t\t\t<div class=\"elementor-column elementor-col-25 elementor-top-column elementor-element elementor-element-5f1a14cb\" data-id=\"5f1a14cb\" data-element_type=\"column\" data-e-type=\"column\">\n\t\t\t<div class=\"elementor-widget-wrap elementor-element-populated\">\n\t\t\t\t\t\t<div class=\"elementor-element elementor-element-52a4bb5d elementor-position-left elementor-vertical-align-middle elementor-view-default elementor-widget elementor-widget-razzi-icon-box\" data-id=\"52a4bb5d\" data-element_type=\"widget\" data-e-type=\"widget\" data-widget_type=\"razzi-icon-box.default\">\n\t\t\t\t<div class=\"elementor-widget-container\">\n\t\t\t\t\t\t\t<div class=\"razzi-icon-box\">\n\t\t\t\t\t\t<div class=\"razzi-icon-box__icon\">\n\t\t\t\t<span class=\"razzi-img-icon elementor-animation-\" >\n\t\t\t\t<img decoding=\"async\" src=\"https:\/\/demo4.drfuri.com\/media\/razzi\/like.svg\" alt=\"10.000'den Fazla Stil\" \/>\t\t\t\t<\/span>\n\t\t\t<\/div>\n\t\t\t\t\t\t<div class=\"razzi-icon-box__content\">\n\t\t\t\t<div class=\"razzi-icon-box__title\">\n\t\t\t\t\t<span  >\n\t\t\t\t\t\t10.000'den Fazla Stil\t\t\t\t\t<\/span>\n\t\t\t\t<\/div>\n\t\t\t\t\t\t\t\t\t<p class=\"razzi-icon-box__description\">\n\t\t\t\t\t\t\u0130htiyac\u0131n\u0131z olan her \u015fey bizde var\t\t\t\t\t<\/p>\n\t\t\t\t\t\t\t<\/div>\n\t\t<\/div>\n\t\t\t\t\t\t<\/div>\n\t\t\t\t<\/div>\n\t\t\t\t\t<\/div>\n\t\t<\/div>\n\t\t\t\t\t<\/div>\n\t\t<\/section>\n\t\t\t\t<\/div>\n\t\t","protected":false},"excerpt":{"rendered":"<p>Hepimizin \u015f\u0131k ve \u015f\u0131k oldu\u011fu kadar evde yaratabilir. Hakk\u0131m\u0131zda Aile \u015firketi olan HATEX As GmbH &amp; Co. KG 1997 y\u0131l\u0131nda Say\u0131n Burhan Asan taraf\u0131ndan kurulmu\u015ftur. \u015eirketin temelleri, 1976 y\u0131l\u0131nda T\u00fcrkiye&#8217;den Almanya&#8217;ya g\u00f6\u00e7 eden ve Hasan Export&#8217;u kuran babas\u0131 Hasan Asan taraf\u0131ndan at\u0131lm\u0131\u015ft\u0131r. Burhan Asan burada perakende d\u00fcnyas\u0131n\u0131n t\u00fcm \u00f6nemli alanlar\u0131n\u0131 tan\u0131ma ve \u015firketin zengin ge\u00e7mi\u015fini [&hellip;]<\/p>\n","protected":false},"author":1,"featured_media":0,"parent":0,"menu_order":0,"comment_status":"closed","ping_status":"closed","template":"","meta":{"footnotes":""},"class_list":["post-19283","page","type-page","status-publish","hentry"],"_links":{"self":[{"href":"https:\/\/floracarpet.eu\/tr\/wp-json\/wp\/v2\/pages\/19283","targetHints":{"allow":["GET"]}}],"collection":[{"href":"https:\/\/floracarpet.eu\/tr\/wp-json\/wp\/v2\/pages"}],"about":[{"href":"https:\/\/floracarpet.eu\/tr\/wp-json\/wp\/v2\/types\/page"}],"author":[{"embeddable":true,"href":"https:\/\/floracarpet.eu\/tr\/wp-json\/wp\/v2\/users\/1"}],"replies":[{"embeddable":true,"href":"https:\/\/floracarpet.eu\/tr\/wp-json\/wp\/v2\/comments?post=19283"}],"version-history":[{"count":1,"href":"https:\/\/floracarpet.eu\/tr\/wp-json\/wp\/v2\/pages\/19283\/revisions"}],"predecessor-version":[{"id":19284,"href":"https:\/\/floracarpet.eu\/tr\/wp-json\/wp\/v2\/pages\/19283\/revisions\/19284"}],"wp:attachment":[{"href":"https:\/\/floracarpet.eu\/tr\/wp-json\/wp\/v2\/media?parent=19283"}],"curies":[{"name":"wp","href":"https:\/\/api.w.org\/{rel}","templated":true}]}}