{"id":19316,"date":"2022-02-24T19:33:14","date_gmt":"2022-02-24T19:33:14","guid":{"rendered":"https:\/\/floracarpet.eu\/haliniz-icin-temizlik-ipuclari\/"},"modified":"2024-01-10T20:31:46","modified_gmt":"2024-01-10T20:31:46","slug":"haliniz-icin-temizlik-ipuclari","status":"publish","type":"page","link":"https:\/\/floracarpet.eu\/tr\/haliniz-icin-temizlik-ipuclari\/","title":{"rendered":"Hal\u0131n\u0131z i\u00e7in temizlik ipu\u00e7lar\u0131"},"content":{"rendered":"\t\t<div data-elementor-type=\"wp-page\" data-elementor-id=\"19316\" class=\"elementor elementor-19316 elementor-12008\">\n\t\t\t\t\t\t<section class=\"elementor-section elementor-top-section elementor-element elementor-element-4b2e75d elementor-section-content-middle elementor-section-boxed elementor-section-height-default elementor-section-height-default\" data-id=\"4b2e75d\" data-element_type=\"section\" data-e-type=\"section\">\n\t\t\t\t\t\t<div class=\"elementor-container elementor-column-gap-default\">\n\t\t\t\t\t<div class=\"elementor-column elementor-col-50 elementor-top-column elementor-element elementor-element-b472b70\" data-id=\"b472b70\" data-element_type=\"column\" data-e-type=\"column\">\n\t\t\t<div class=\"elementor-widget-wrap elementor-element-populated\">\n\t\t\t\t\t\t<div class=\"elementor-element elementor-element-2ee80b0 elementor-widget elementor-widget-text-editor\" data-id=\"2ee80b0\" data-element_type=\"widget\" data-e-type=\"widget\" data-widget_type=\"text-editor.default\">\n\t\t\t\t<div class=\"elementor-widget-container\">\n\t\t\t\t\t\t\t\t\t<p>Elbette yanl\u0131\u015fl\u0131kla hal\u0131n\u0131n \u00fczerine bir \u015fey d\u00f6kebilirsiniz. Kaza ger\u00e7ekle\u015ftikten sonra leke m\u00fcmk\u00fcn oldu\u011funca \u00e7abuk \u00e7\u0131kar\u0131lmal\u0131d\u0131r. Beklerseniz, lekenin hal\u0131ya yerle\u015fmesi ve \u00e7\u0131kar\u0131lmas\u0131n\u0131n daha zor hale gelmesi riski vard\u0131r.<\/p>\n<p>\u0130\u015fte nas\u0131l ilerleyebilece\u011finize dair baz\u0131 ipu\u00e7lar\u0131.<\/p>\n\t\t\t\t\t\t\t\t<\/div>\n\t\t\t\t<\/div>\n\t\t\t\t\t<\/div>\n\t\t<\/div>\n\t\t\t\t<div class=\"elementor-column elementor-col-50 elementor-top-column elementor-element elementor-element-5a4c6f4\" data-id=\"5a4c6f4\" data-element_type=\"column\" data-e-type=\"column\">\n\t\t\t<div class=\"elementor-widget-wrap elementor-element-populated\">\n\t\t\t\t\t\t<div class=\"elementor-element elementor-element-3dbbcf2 elementor-widget elementor-widget-image\" data-id=\"3dbbcf2\" data-element_type=\"widget\" data-e-type=\"widget\" data-widget_type=\"image.default\">\n\t\t\t\t<div class=\"elementor-widget-container\">\n\t\t\t\t\t\t\t\t\t\t\t\t\t\t\t<img fetchpriority=\"high\" decoding=\"async\" width=\"640\" height=\"427\" src=\"https:\/\/floracarpet.eu\/wp-content\/uploads\/2022\/02\/4919143694562d42a70e931cce96de01.jpeg\" class=\"attachment-large size-large wp-image-12013\" alt=\"\" srcset=\"https:\/\/floracarpet.eu\/wp-content\/uploads\/2022\/02\/4919143694562d42a70e931cce96de01.jpeg 735w, https:\/\/floracarpet.eu\/wp-content\/uploads\/2022\/02\/4919143694562d42a70e931cce96de01-300x200.jpeg 300w, https:\/\/floracarpet.eu\/wp-content\/uploads\/2022\/02\/4919143694562d42a70e931cce96de01-670x447.jpeg 670w\" sizes=\"(max-width: 640px) 100vw, 640px\" \/>\t\t\t\t\t\t\t\t\t\t\t\t\t\t\t<\/div>\n\t\t\t\t<\/div>\n\t\t\t\t\t<\/div>\n\t\t<\/div>\n\t\t\t\t\t<\/div>\n\t\t<\/section>\n\t\t\t\t<section class=\"elementor-section elementor-top-section elementor-element elementor-element-fdcefc8 elementor-section-content-middle elementor-section-boxed elementor-section-height-default elementor-section-height-default\" data-id=\"fdcefc8\" data-element_type=\"section\" data-e-type=\"section\">\n\t\t\t\t\t\t<div class=\"elementor-container elementor-column-gap-default\">\n\t\t\t\t\t<div class=\"elementor-column elementor-col-50 elementor-top-column elementor-element elementor-element-5df9ba9\" data-id=\"5df9ba9\" data-element_type=\"column\" data-e-type=\"column\">\n\t\t\t<div class=\"elementor-widget-wrap elementor-element-populated\">\n\t\t\t\t\t\t<div class=\"elementor-element elementor-element-1f42f90 elementor-widget elementor-widget-image\" data-id=\"1f42f90\" data-element_type=\"widget\" data-e-type=\"widget\" data-widget_type=\"image.default\">\n\t\t\t\t<div class=\"elementor-widget-container\">\n\t\t\t\t\t\t\t\t\t\t\t\t\t\t\t<img decoding=\"async\" width=\"640\" height=\"427\" src=\"https:\/\/floracarpet.eu\/wp-content\/uploads\/2022\/02\/The-Best-Carpet-Stain-Remover-Options-1024x683.jpeg\" class=\"attachment-large size-large wp-image-12014\" alt=\"\" srcset=\"https:\/\/floracarpet.eu\/wp-content\/uploads\/2022\/02\/The-Best-Carpet-Stain-Remover-Options-1024x683.jpeg 1024w, https:\/\/floracarpet.eu\/wp-content\/uploads\/2022\/02\/The-Best-Carpet-Stain-Remover-Options-300x200.jpeg 300w, https:\/\/floracarpet.eu\/wp-content\/uploads\/2022\/02\/The-Best-Carpet-Stain-Remover-Options-768x513.jpeg 768w, https:\/\/floracarpet.eu\/wp-content\/uploads\/2022\/02\/The-Best-Carpet-Stain-Remover-Options-670x447.jpeg 670w, https:\/\/floracarpet.eu\/wp-content\/uploads\/2022\/02\/The-Best-Carpet-Stain-Remover-Options.jpeg 1254w\" sizes=\"(max-width: 640px) 100vw, 640px\" \/>\t\t\t\t\t\t\t\t\t\t\t\t\t\t\t<\/div>\n\t\t\t\t<\/div>\n\t\t\t\t\t<\/div>\n\t\t<\/div>\n\t\t\t\t<div class=\"elementor-column elementor-col-50 elementor-top-column elementor-element elementor-element-d4c8e5f\" data-id=\"d4c8e5f\" data-element_type=\"column\" data-e-type=\"column\">\n\t\t\t<div class=\"elementor-widget-wrap elementor-element-populated\">\n\t\t\t\t\t\t<div class=\"elementor-element elementor-element-c76fe5d elementor-widget elementor-widget-text-editor\" data-id=\"c76fe5d\" data-element_type=\"widget\" data-e-type=\"widget\" data-widget_type=\"text-editor.default\">\n\t\t\t\t<div class=\"elementor-widget-container\">\n\t\t\t\t\t\t\t\t\t<p><strong>Akl\u0131n\u0131zda bulundurman\u0131z gereken 10 \u015fey var:<\/strong><\/p>\n<ol>\n<li>Lekeyi hemen \u00e7\u0131karmaya \u00e7al\u0131\u015f\u0131n.<\/li>\n<li>S\u0131v\u0131lar vb. i\u00e7in: bir ka\u015f\u0131kla dikkatlice al\u0131n.<\/li>\n<li>Gerekirse lekeyi so\u011fuk suyla seyreltin.<\/li>\n<li>Lekeyi temiz bir bez veya ka\u011f\u0131t mendille hafif\u00e7e vurarak \u00e7\u0131kar\u0131n. Ka\u011f\u0131t havluyu \u00e7\u0131kar\u0131n <em>&#8211; lekeyi ovalamay\u0131n!<\/em><\/li>\n<li>Hal\u0131n\u0131n kenar\u0131ndan ortaya do\u011fru \u00e7al\u0131\u015f\u0131n.<\/li>\n<li>Gerekirse biraz bula\u015f\u0131k deterjan\u0131 ve so\u011fuk su kullan\u0131n.<\/li>\n<li>Gerekirse lekeye bir \u00e7ama\u015f\u0131r f\u0131r\u00e7as\u0131 ile dikkatlice m\u00fcdahale edin.<\/li>\n<li>Gerekirse 2. noktadan itibaren i\u015flemi tekrarlay\u0131n.<\/li>\n<li>Ard\u0131ndan etkilenen b\u00f6lgeyi bir sa\u00e7 kurutma makinesi veya d\u00fc\u015f\u00fck h\u0131zda bir fan ile kurutun.<\/li>\n<li>Bir giysi f\u0131r\u00e7as\u0131 kullanarak (y\u0131\u011f\u0131n y\u00f6n\u00fcnde) y\u0131\u011f\u0131n\u0131 eski haline getirin.<\/li>\n<\/ol>\n\t\t\t\t\t\t\t\t<\/div>\n\t\t\t\t<\/div>\n\t\t\t\t\t<\/div>\n\t\t<\/div>\n\t\t\t\t\t<\/div>\n\t\t<\/section>\n\t\t\t\t<section class=\"elementor-section elementor-top-section elementor-element elementor-element-1926227 elementor-section-boxed elementor-section-height-default elementor-section-height-default\" data-id=\"1926227\" data-element_type=\"section\" data-e-type=\"section\">\n\t\t\t\t\t\t<div class=\"elementor-container elementor-column-gap-default\">\n\t\t\t\t\t<div class=\"elementor-column elementor-col-100 elementor-top-column elementor-element elementor-element-4ab8f2d\" data-id=\"4ab8f2d\" data-element_type=\"column\" data-e-type=\"column\">\n\t\t\t<div class=\"elementor-widget-wrap elementor-element-populated\">\n\t\t\t\t\t\t<div class=\"elementor-element elementor-element-db003f1 elementor-widget elementor-widget-text-editor\" data-id=\"db003f1\" data-element_type=\"widget\" data-e-type=\"widget\" data-widget_type=\"text-editor.default\">\n\t\t\t\t<div class=\"elementor-widget-container\">\n\t\t\t\t\t\t\t\t\t<p>G\u00fcvenli tarafta olmak istiyorsan\u0131z, evde nazik ve etkili bir leke \u00e7\u0131kar\u0131c\u0131 bulundurman\u0131z iyi olur. H\u0131zl\u0131 hareket ederseniz, hal\u0131n\u0131z\u0131n etkilenmemesi ve lekenin hal\u0131 temizli\u011fine gerek kalmadan tamamen \u00e7\u0131kar\u0131lmas\u0131 ihtimali vard\u0131r. Liflerin zarar g\u00f6rmemesi i\u00e7in leke \u00e7\u0131kar\u0131c\u0131n\u0131n kuma\u015fa nazik davranmas\u0131 gerekti\u011fini l\u00fctfen unutmay\u0131n.<\/p>\n<h5><strong>Safs\u0131zl\u0131k \u00f6rnekleri ve bunlar\u0131n giderilmesi:<\/strong><\/h5>\n<p><strong>Alkol:<\/strong> Renksiz mutfak ka\u011f\u0131d\u0131 veya renksiz pamuktan yap\u0131lm\u0131\u015f bir bezle lekenin m\u00fcmk\u00fcn oldu\u011funca b\u00fcy\u00fck k\u0131sm\u0131n\u0131 emdirin. Leke hala oradaysa, zay\u0131f bir amonyak \u00e7\u00f6zeltisiyle tekrar silin ve kurulay\u0131n.<\/p>\n<p><strong>Asfalt:<\/strong> Lekenin m\u00fcmk\u00fcn oldu\u011funca b\u00fcy\u00fck bir k\u0131sm\u0131n\u0131 bir ka\u015f\u0131kla kaz\u0131y\u0131n. Renksiz pamuklu bir bezi hafif bir \u00e7\u00f6z\u00fcc\u00fc ile nemlendirin ve lekeyi bununla dikkatlice silin. Leke yok olana kadar bu i\u015flemi tekrarlay\u0131n, ard\u0131ndan silerek kurulay\u0131n.<\/p>\n<p><strong>Kan:<\/strong> Renksiz mutfak ka\u011f\u0131d\u0131 veya renksiz pamuktan yap\u0131lm\u0131\u015f bir bezle lekenin m\u00fcmk\u00fcn oldu\u011funca b\u00fcy\u00fck k\u0131sm\u0131n\u0131 emdirin. Kal\u0131nt\u0131lar\u0131 \u0131l\u0131k suyla seyreltin ve lekenin geri kalan\u0131n\u0131 emdirin. Bir beze biraz \u0131l\u0131k su ve bula\u015f\u0131k deterjan\u0131 s\u00fcr\u00fcn ve dikkatlice kurulay\u0131n. Leke hala oradaysa, zay\u0131f bir amonyak \u00e7\u00f6zeltisiyle tekrar silin ve kurulay\u0131n. <em>Dikkat! Taze kan i\u00e7in so\u011fuk su kullan\u0131n.<\/em><\/p>\n<p><strong>Yan\u0131k izleri:<\/strong> Yan\u0131k izinin ne kadar derin oldu\u011funu kontrol edin. Y\u0131\u011f\u0131n\u0131n yanm\u0131\u015f k\u0131sm\u0131n\u0131 t\u0131rnak makas\u0131 ile dikkatlice kesebilirsiniz.<\/p>\n<p><strong>Coca-Cola:<\/strong> Renksiz mutfak ka\u011f\u0131d\u0131 veya renksiz pamuklu bir bezle lekenin m\u00fcmk\u00fcn oldu\u011funca b\u00fcy\u00fck k\u0131sm\u0131n\u0131 emdirin. Leke hala oradaysa, zay\u0131f bir amonyak \u00e7\u00f6zeltisiyle tekrar silin. Leke kaybolmad\u0131ysa zay\u0131f bir sirke \u00e7\u00f6zeltisi ile i\u015flem yap\u0131n. Kuru silme.<\/p>\n<p><strong>Buz:<\/strong> Lekenin m\u00fcmk\u00fcn oldu\u011funca b\u00fcy\u00fck bir k\u0131sm\u0131n\u0131 bir ka\u015f\u0131kla kaz\u0131y\u0131n. Leke hala oradaysa, boyanmam\u0131\u015f pamuktan yap\u0131lm\u0131\u015f bir bezi zay\u0131f bir amonyak \u00e7\u00f6zeltisiyle nemlendirin ve lekeyi tekrar silin. Leke kaybolmad\u0131ysa zay\u0131f bir sirke \u00e7\u00f6zeltisi ile i\u015flem yap\u0131n. Kuru silme.<\/p>\n<p><strong>Kusmuk:<\/strong> Lekenin m\u00fcmk\u00fcn oldu\u011funca b\u00fcy\u00fck bir k\u0131sm\u0131n\u0131 bir ka\u015f\u0131kla kaz\u0131y\u0131n. Renksiz pamuktan yap\u0131lm\u0131\u015f bir bezi hafif bir deterjanla nemlendirin ve lekeyi dikkatlice \u0131slat\u0131n. Leke hala oradaysa, zay\u0131f bir sirke \u00e7\u00f6zeltisiyle tekrar silin. Kuru silme.<\/p>\n<p><strong>Ya\u011f:<\/strong> Lekenin m\u00fcmk\u00fcn oldu\u011funca b\u00fcy\u00fck bir k\u0131sm\u0131n\u0131 bir ka\u015f\u0131kla kaz\u0131y\u0131n. Renksiz pamuktan yap\u0131lm\u0131\u015f bir bezi hafif bir deterjanla nemlendirin ve lekeyi dikkatlice \u0131slat\u0131n. Leke hala oradaysa, zay\u0131f bir sirke \u00e7\u00f6zeltisiyle tekrar silin. Kuru silme.<\/p>\n<p><strong>Meyve suyu:<\/strong> Lekeyi m\u00fcmk\u00fcn oldu\u011funca renksiz mutfak ka\u011f\u0131d\u0131 veya renksiz pamuklu bir bezle \u0131slat\u0131n. Wenn der Fleck immer noch da ist, wischen Sie ihn erneut mit einer schwachen Ammoniakl\u00f6sung ab. Leke kaybolmad\u0131ysa zay\u0131f bir sirke \u00e7\u00f6zeltisi ile i\u015flem yap\u0131n. Kuru silme.<\/p>\n<p><strong>Kahve:<\/strong> Lekeyi m\u00fcmk\u00fcn oldu\u011funca renksiz mutfak ka\u011f\u0131d\u0131 veya renksiz pamuklu bir bezle \u0131slat\u0131n. Leke hala duruyorsa, zay\u0131f bir amonyak \u00e7\u00f6zeltisiyle tekrar silin. Leke kaybolana kadar bu i\u015flemi tekrarlay\u0131n. Kuru silme.<\/p>\n<p><strong>Sak\u0131z:<\/strong> Sak\u0131z\u0131n \u00fczerine buz par\u00e7alar\u0131 koyun. Bu, sak\u0131z\u0131 sertle\u015ftirir ve \u00e7\u0131kar\u0131labilir hale getirir. Ard\u0131ndan kalan sak\u0131z izlerini \u00e7\u0131karmak i\u00e7in bir leke \u00e7\u0131kar\u0131c\u0131 kullan\u0131n.<\/p>\n<p><strong>Ket\u00e7ap:<\/strong> Lekenin m\u00fcmk\u00fcn oldu\u011funca b\u00fcy\u00fck bir k\u0131sm\u0131n\u0131 bir ka\u015f\u0131kla kaz\u0131y\u0131n. Befeuchten Sie ein Tuch aus farbloser Baumwolle mit einem milden Reinigungsmittel und weichen Sie den Fleck vorsichtig ein. Leke hala oradaysa, zay\u0131f bir amonyak \u00e7\u00f6zeltisiyle tekrar silin ve kurulay\u0131n.<\/p>\n<p><strong>Yap\u0131\u015ft\u0131r\u0131c\u0131:<\/strong> Sirke veya alkole bat\u0131r\u0131lm\u0131\u015f renksiz pamuktan yap\u0131lm\u0131\u015f bir bezle lekeyi yumu\u015fat\u0131n. Daha sonra dikkatlice silin ve kurulay\u0131n.<\/p>\n<p><strong>Limonata:<\/strong> Renksiz mutfak ka\u011f\u0131d\u0131 veya renksiz pamuklu bir bezle lekenin m\u00fcmk\u00fcn oldu\u011funca b\u00fcy\u00fck k\u0131sm\u0131n\u0131 \u0131slat\u0131n. Leke hala duruyorsa, zay\u0131f bir amonyak \u00e7\u00f6zeltisiyle tekrar silin. Leke kaybolmad\u0131ysa zay\u0131f bir sirke \u00e7\u00f6zeltisi ile i\u015flem yap\u0131n. Kuru silme.<\/p>\n<p><strong>Ruj:<\/strong> Lekenin m\u00fcmk\u00fcn oldu\u011funca b\u00fcy\u00fck bir k\u0131sm\u0131n\u0131 bir ka\u015f\u0131kla kaz\u0131y\u0131n. Leke hala oradaysa, boyanmam\u0131\u015f pamuktan yap\u0131lm\u0131\u015f bir bezi zay\u0131f bir amonyak \u00e7\u00f6zeltisiyle nemlendirin ve lekeyi tekrar silin. Leke kaybolmad\u0131ysa zay\u0131f bir sirke \u00e7\u00f6zeltisi ile i\u015flem yap\u0131n. Kuru silme.<\/p>\n<p><strong>Boya rengi:<\/strong> Lekenin m\u00fcmk\u00fcn oldu\u011funca b\u00fcy\u00fck bir k\u0131sm\u0131n\u0131 bir ka\u015f\u0131kla kaz\u0131y\u0131n. Renksiz pamuktan yap\u0131lm\u0131\u015f bir bezi hafif bir deterjanla nemlendirin ve lekeyi dikkatlice \u0131slat\u0131n. Leke hala duruyorsa, zay\u0131f bir amonyak \u00e7\u00f6zeltisiyle tekrar silin. Leke kaybolmad\u0131ysa zay\u0131f bir sirke \u00e7\u00f6zeltisi ile i\u015flem yap\u0131n. Kuru silme.<\/p>\n<p><strong>S\u00fct:<\/strong> Renksiz mutfak ka\u011f\u0131d\u0131 veya renksiz pamuklu bir bezle lekeyi m\u00fcmk\u00fcn oldu\u011funca emdirin. Renksiz pamuktan yap\u0131lm\u0131\u015f bir bezi hafif bir deterjanla nemlendirin ve lekeyi dikkatlice \u0131slat\u0131n. Leke hala duruyorsa, zay\u0131f bir amonyak \u00e7\u00f6zeltisiyle tekrar silin. Kuru silme.<\/p>\n<p><strong>T\u0131rnak cilas\u0131:<\/strong> Lekenin m\u00fcmk\u00fcn oldu\u011funca b\u00fcy\u00fck bir k\u0131sm\u0131n\u0131 bir ka\u015f\u0131kla kaz\u0131y\u0131n. Renksiz pamuktan yap\u0131lm\u0131\u015f bir bez kullan\u0131n ve biraz oje \u00e7\u0131kar\u0131c\u0131 ile dikkatlice silin. Leke hala oradaysa, biraz deterjan ekleyin, dikkatlice silin ve leke kaybolana kadar zay\u0131f bir amonyak \u00e7\u00f6zeltisi ve ard\u0131ndan hafif bir sirke \u00e7\u00f6zeltisi ile i\u015flem yap\u0131n. Kuru silme.<\/p>\n<p><strong>Kurum:<\/strong> Kurumu bir elektrikli s\u00fcp\u00fcrge ile dikkatlice s\u00fcp\u00fcr\u00fcn ve emme ba\u015fl\u0131\u011f\u0131n\u0131 hal\u0131n\u0131n \u00fczerine \u00e7ekmeyin.<\/p>\n<p><strong>\u00c7ikolata:<\/strong> Lekenin m\u00fcmk\u00fcn oldu\u011funca b\u00fcy\u00fck bir k\u0131sm\u0131n\u0131 bir ka\u015f\u0131kla kaz\u0131y\u0131n. Renksiz pamuktan yap\u0131lm\u0131\u015f bir bezi hafif bir deterjanla nemlendirin ve lekeyi dikkatlice \u0131slat\u0131n. Leke hala oradaysa, zay\u0131f bir amonyak \u00e7\u00f6zeltisiyle tekrar silin ve kurulay\u0131n.<\/p>\n<p><strong>Ayakkab\u0131 cilas\u0131:<\/strong> Lekenin m\u00fcmk\u00fcn oldu\u011funca b\u00fcy\u00fck bir k\u0131sm\u0131n\u0131 bir ka\u015f\u0131kla kaz\u0131y\u0131n. Renksiz pamuktan yap\u0131lm\u0131\u015f bir bezi hafif bir deterjanla nemlendirin ve lekeyi dikkatlice \u0131slat\u0131n. Leke hala duruyorsa, zay\u0131f bir amonyak \u00e7\u00f6zeltisiyle tekrar silin. Leke kaybolmad\u0131ysa zay\u0131f bir sirke \u00e7\u00f6zeltisi ile i\u015flem yap\u0131n. Kuru silme.<\/p>\n<p><strong>Hardal:<\/strong> Lekenin m\u00fcmk\u00fcn oldu\u011funca b\u00fcy\u00fck bir k\u0131sm\u0131n\u0131 bir ka\u015f\u0131kla kaz\u0131y\u0131n. Renksiz pamuktan yap\u0131lm\u0131\u015f bir bezi hafif bir deterjanla nemlendirin ve lekeyi dikkatlice \u0131slat\u0131n. Leke hala duruyorsa, zay\u0131f bir amonyak \u00e7\u00f6zeltisiyle tekrar silin. Kuru silme.<\/p>\n<p><strong>Pi\u015firme ya\u011f\u0131:<\/strong> Lekenin m\u00fcmk\u00fcn oldu\u011funca b\u00fcy\u00fck k\u0131sm\u0131n\u0131 bir ka\u015f\u0131kla kaz\u0131y\u0131n. Renksiz pamuktan yap\u0131lm\u0131\u015f bir bezi hafif bir deterjanla nemlendirin ve lekeyi dikkatlice \u0131slat\u0131n. Leke hala duruyorsa, zay\u0131f bir amonyak \u00e7\u00f6zeltisiyle tekrar silin. Kuru silme.<\/p>\n<p><strong>Stearin:<\/strong> Stearin \u00fczerine buz par\u00e7alar\u0131 yerle\u015ftirin. Bu, stearini sertle\u015ftirir ve \u00e7\u0131kar\u0131labilir hale getirir. Ard\u0131ndan kalan mum izlerini \u00e7\u0131karmak i\u00e7in bir leke \u00e7\u0131kar\u0131c\u0131 kullan\u0131n.<\/p>\n<p><strong>\u00c7ay:<\/strong> Renksiz mutfak ka\u011f\u0131d\u0131 veya renksiz pamuklu bir bezle lekeyi m\u00fcmk\u00fcn oldu\u011funca emdirin. Leke hala oradaysa, zay\u0131f bir sirke \u00e7\u00f6zeltisiyle nemlendirin ve dikkatlice kurulay\u0131n.<\/p>\n<p><strong>M\u00fcrekkep:<\/strong> Lekeye sa\u00e7 spreyi s\u0131k\u0131n ve kurumaya b\u0131rak\u0131n, ard\u0131ndan su ve \u015farap sirkesinden olu\u015fan bir sol\u00fcsyonla dikkatlice f\u0131r\u00e7alay\u0131n.<\/p>\n<p><strong>\u0130drar\/d\u0131\u015fk\u0131:<\/strong> Renksiz mutfak ka\u011f\u0131d\u0131 veya renksiz pamuktan yap\u0131lm\u0131\u015f bir bezle lekenin m\u00fcmk\u00fcn oldu\u011funca b\u00fcy\u00fck k\u0131sm\u0131n\u0131 emdirin veya bir ka\u015f\u0131kla lekenin m\u00fcmk\u00fcn oldu\u011funca b\u00fcy\u00fck k\u0131sm\u0131n\u0131 kaz\u0131y\u0131n. Ard\u0131ndan lekeyi su ve dam\u0131t\u0131lm\u0131\u015f beyaz \u015farap sirkesi kar\u0131\u015f\u0131m\u0131yla durulay\u0131n (20 cl suya 1 yemek ka\u015f\u0131\u011f\u0131 \u015farap sirkesi). Ard\u0131ndan hal\u0131n\u0131n m\u00fcmk\u00fcn oldu\u011funca b\u00fcy\u00fck bir k\u0131sm\u0131n\u0131 silin. Kuru idrar lekeleri i\u00e7in: Hal\u0131y\u0131 oryantal hal\u0131lar i\u00e7in uzmanla\u015fm\u0131\u015f bir hal\u0131 temizleyicisine g\u00f6t\u00fcr\u00fcn. <em>Dikkat! Hal\u0131 y\u00fcn\u00fcne zarar verece\u011finden idrar s\u00f6k\u00fcc\u00fc kullanmay\u0131n.<\/em><\/p>\n<p><strong>Balmumu:<\/strong> Lekenin \u00fczerine kurutma ka\u011f\u0131d\u0131 veya kahverengi ambalaj ka\u011f\u0131d\u0131 yerle\u015ftirin. Ard\u0131ndan s\u0131cak bir \u00fct\u00fcy\u00fc kurutma veya ambalaj ka\u011f\u0131d\u0131n\u0131n \u00fczerinde gezdirerek balmumunu emdirin. Hal\u0131da yan\u0131k izleri olu\u015fmas\u0131n\u0131 \u00f6nlemek i\u00e7in \u00fct\u00fc s\u00fcrekli olarak ileri geri hareket ettirilmelidir.<\/p>\n<p><strong>\u015earap:<\/strong> Renksiz mutfak ka\u011f\u0131d\u0131 veya renksiz pamuklu bir bezle lekenin m\u00fcmk\u00fcn oldu\u011funca b\u00fcy\u00fck k\u0131sm\u0131n\u0131 emdirin. Leke hala oradaysa, zay\u0131f bir sirke \u00e7\u00f6zeltisiyle nemlendirin ve dikkatlice kurulay\u0131n.<\/p>\n<p><strong>Ya\u011f:<\/strong> Lekeyi m\u00fcmk\u00fcn oldu\u011funca renksiz mutfak ka\u011f\u0131d\u0131 veya renksiz pamuklu bir bezle \u0131slat\u0131n. Biraz yumu\u015fak deterjan ekleyin ve dikkatlice s\u00fcr\u00fcn. Leke hala oradaysa, zay\u0131f bir sirke \u00e7\u00f6zeltisiyle tekrar silin ve kurulay\u0131n.<\/p>\n<p><em>Dikkat!<\/em><\/p>\n<ul>\n<li><em>Yukar\u0131daki t\u00fcm ipu\u00e7lar\u0131n\u0131 kendi sorumlulu\u011funuzda kullan\u0131n! G\u00fcvenli tarafta olmak istiyorsan\u0131z, derhal profesyonel bir hal\u0131 temizleyicisine ba\u015fvurmal\u0131s\u0131n\u0131z.<\/em><\/li>\n<li><em>Temizlik maddesini her zaman hal\u0131n\u0131n yap\u0131ld\u0131\u011f\u0131 malzemeye g\u00f6re se\u00e7in.<\/em><\/li>\n<li><em>M\u00fcmk\u00fcnse, temizlik maddesini hal\u0131n\u0131n gizli bir b\u00f6l\u00fcm\u00fcnde test edin.<\/em><\/li>\n<li><em>Hal\u0131n\u0131n alt taraf\u0131n\u0131 da kurutmay\u0131 unutmay\u0131n.<\/em><\/li>\n<\/ul>\n\t\t\t\t\t\t\t\t<\/div>\n\t\t\t\t<\/div>\n\t\t\t\t\t<\/div>\n\t\t<\/div>\n\t\t\t\t\t<\/div>\n\t\t<\/section>\n\t\t\t\t<\/div>\n\t\t","protected":false},"excerpt":{"rendered":"<p>Elbette yanl\u0131\u015fl\u0131kla hal\u0131n\u0131n \u00fczerine bir \u015fey d\u00f6kebilirsiniz. Kaza ger\u00e7ekle\u015ftikten sonra leke m\u00fcmk\u00fcn oldu\u011funca \u00e7abuk \u00e7\u0131kar\u0131lmal\u0131d\u0131r. Beklerseniz, lekenin hal\u0131ya yerle\u015fmesi ve \u00e7\u0131kar\u0131lmas\u0131n\u0131n daha zor hale gelmesi riski vard\u0131r. \u0130\u015fte nas\u0131l ilerleyebilece\u011finize dair baz\u0131 ipu\u00e7lar\u0131. Akl\u0131n\u0131zda bulundurman\u0131z gereken 10 \u015fey var: Lekeyi hemen \u00e7\u0131karmaya \u00e7al\u0131\u015f\u0131n. S\u0131v\u0131lar vb. i\u00e7in: bir ka\u015f\u0131kla dikkatlice al\u0131n. Gerekirse lekeyi so\u011fuk suyla seyreltin. [&hellip;]<\/p>\n","protected":false},"author":1,"featured_media":0,"parent":0,"menu_order":0,"comment_status":"closed","ping_status":"closed","template":"","meta":{"footnotes":""},"class_list":["post-19316","page","type-page","status-publish","hentry"],"_links":{"self":[{"href":"https:\/\/floracarpet.eu\/tr\/wp-json\/wp\/v2\/pages\/19316","targetHints":{"allow":["GET"]}}],"collection":[{"href":"https:\/\/floracarpet.eu\/tr\/wp-json\/wp\/v2\/pages"}],"about":[{"href":"https:\/\/floracarpet.eu\/tr\/wp-json\/wp\/v2\/types\/page"}],"author":[{"embeddable":true,"href":"https:\/\/floracarpet.eu\/tr\/wp-json\/wp\/v2\/users\/1"}],"replies":[{"embeddable":true,"href":"https:\/\/floracarpet.eu\/tr\/wp-json\/wp\/v2\/comments?post=19316"}],"version-history":[{"count":1,"href":"https:\/\/floracarpet.eu\/tr\/wp-json\/wp\/v2\/pages\/19316\/revisions"}],"predecessor-version":[{"id":19317,"href":"https:\/\/floracarpet.eu\/tr\/wp-json\/wp\/v2\/pages\/19316\/revisions\/19317"}],"wp:attachment":[{"href":"https:\/\/floracarpet.eu\/tr\/wp-json\/wp\/v2\/media?parent=19316"}],"curies":[{"name":"wp","href":"https:\/\/api.w.org\/{rel}","templated":true}]}}