{"id":15113,"date":"2022-03-22T08:35:52","date_gmt":"2022-03-22T08:35:52","guid":{"rendered":"http:\/\/devel.florahome.eu\/product\/t1b33-l-brown\/"},"modified":"2024-07-09T11:48:38","modified_gmt":"2024-07-09T11:48:38","slug":"t1b33-malaga","status":"publish","type":"product","link":"https:\/\/floracarpet.eu\/tr\/urun\/t1b33-malaga\/","title":{"rendered":"T1B33 Malaga"},"content":{"rendered":"<p>Ein wahrer Einrichtungs-Allesk\u00f6nner f\u00fcr jeden Geschmack &#8211; Mit diesem universellen Hochflor <strong>Malaga <\/strong>Teppich k\u00f6nnen Sie ihre R\u00e4umlichkeiten ganz einfach in eine freundliche und einladende Wohlf\u00fchl-Oase verwandeln. Das flauschige und dicht gekn\u00fcpfte Flormaterial l\u00e4dt zum Verweilen ein und verleiht dem Raum W\u00e4rme. Ob alleine oder in Kombination mit anderen Modellen, dieser Teppich bietet Top-Qualit\u00e4t zum fairen Preis<\/p>\n","protected":false},"excerpt":{"rendered":"<ul class=\"pl_list--unordered\">\n<li>Schadstoffgepr\u00fcft und zertifiziert<\/li>\n<li>100% Mikrofaser<\/li>\n<li>Unifarben<\/li>\n<\/ul>\n","protected":false},"featured_media":14614,"comment_status":"open","ping_status":"closed","template":"","meta":[],"product_cat":[470,177,632],"product_tag":[677,695,678,721,731,722,732,697,665,698,711,681,699,705,733,727,682,701,666,683,667,686],"class_list":{"0":"post-15113","1":"product","2":"type-product","3":"status-publish","4":"has-post-thumbnail","6":"product_cat-shaggy-tr-2","7":"product_cat-tiara-tr","8":"product_cat-wohnzimmer-tr","9":"product_tag-bettvorleger-tr","10":"product_tag-carpet-tr","11":"product_tag-dekoration-tr","12":"product_tag-fussbodenheizung-tr","13":"product_tag-haushalt-tr","14":"product_tag-kinderzimmer-tr","15":"product_tag-kueche-tr","16":"product_tag-kurzflor-tr","17":"product_tag-laeufer-tr","18":"product_tag-marmor-optik-tr","19":"product_tag-microfasern-tr","20":"product_tag-oriental-tr","21":"product_tag-orientalisch-tr","22":"product_tag-orientalische-teppiche-tr","23":"product_tag-original-perser-tr","24":"product_tag-perser-tr","25":"product_tag-perser-teppich-tr","26":"product_tag-schlafzimmer-tr","27":"product_tag-teppich-tr","28":"product_tag-teppiche-tr","29":"product_tag-teppichlaeufer-tr","30":"product_tag-wohnzimmer-tr","32":"first","33":"instock","34":"purchasable","35":"product-type-variable"},"_links":{"self":[{"href":"https:\/\/floracarpet.eu\/tr\/wp-json\/wp\/v2\/product\/15113","targetHints":{"allow":["GET"]}}],"collection":[{"href":"https:\/\/floracarpet.eu\/tr\/wp-json\/wp\/v2\/product"}],"about":[{"href":"https:\/\/floracarpet.eu\/tr\/wp-json\/wp\/v2\/types\/product"}],"replies":[{"embeddable":true,"href":"https:\/\/floracarpet.eu\/tr\/wp-json\/wp\/v2\/comments?post=15113"}],"version-history":[{"count":6,"href":"https:\/\/floracarpet.eu\/tr\/wp-json\/wp\/v2\/product\/15113\/revisions"}],"predecessor-version":[{"id":24359,"href":"https:\/\/floracarpet.eu\/tr\/wp-json\/wp\/v2\/product\/15113\/revisions\/24359"}],"wp:featuredmedia":[{"embeddable":true,"href":"https:\/\/floracarpet.eu\/tr\/wp-json\/wp\/v2\/media\/14614"}],"wp:attachment":[{"href":"https:\/\/floracarpet.eu\/tr\/wp-json\/wp\/v2\/media?parent=15113"}],"wp:term":[{"taxonomy":"product_cat","embeddable":true,"href":"https:\/\/floracarpet.eu\/tr\/wp-json\/wp\/v2\/product_cat?post=15113"},{"taxonomy":"product_tag","embeddable":true,"href":"https:\/\/floracarpet.eu\/tr\/wp-json\/wp\/v2\/product_tag?post=15113"}],"curies":[{"name":"wp","href":"https:\/\/api.w.org\/{rel}","templated":true}]}}