{"id":15419,"date":"2022-03-22T07:23:00","date_gmt":"2022-03-22T07:23:00","guid":{"rendered":"http:\/\/devel.florahome.eu\/product\/8586a-grey\/"},"modified":"2025-01-01T00:13:45","modified_gmt":"2025-01-01T00:13:45","slug":"8586-amioun","status":"publish","type":"product","link":"https:\/\/floracarpet.eu\/tr\/urun\/8586-amioun\/","title":{"rendered":"8586 Amioun"},"content":{"rendered":"<p>Ein Wohnzimmerteppich ist nicht nur ein visuelles Gestaltungselement, um einen zusammenh\u00e4ngenden Raum zu schaffen, sondern er ist auch ein bequemer Ort f\u00fcr Kinder, um Spielzeug zu verteilen, f\u00fcr den Familienspielabend oder um gemeinsam Filme zu sehen. Mit dem Modell <strong>Amioun <\/strong>bieten wir Ihnen einen besonderen Teppich an. Polypropylen ist die hochwertige Basis dieser atemberaubenden Kollektion, die durch die au\u00dfergew\u00f6hnlichen Farbnuancen Ihre Einrichtung im neuen Glanz erstrahlen l\u00e4sst.<\/p>\n","protected":false},"excerpt":{"rendered":"<ul class=\"pl_list--unordered\">\n<li>Schadstoffgepr\u00fcft und zertifiziert<\/li>\n<li>orientalisch<\/li>\n<li>Ornamente<\/li>\n<\/ul>\n","protected":false},"featured_media":14380,"comment_status":"open","ping_status":"closed","template":"","meta":[],"product_cat":[211,330,632],"product_tag":[677,695,678,721,731,722,732,697,665,698,711,681,699,705,733,727,682,701,666,683,667,686],"class_list":{"0":"post-15419","1":"product","2":"type-product","3":"status-publish","4":"has-post-thumbnail","6":"product_cat-fes","7":"product_cat-polyester-tr","8":"product_cat-wohnzimmer-tr","9":"product_tag-bettvorleger-tr","10":"product_tag-carpet-tr","11":"product_tag-dekoration-tr","12":"product_tag-fussbodenheizung-tr","13":"product_tag-haushalt-tr","14":"product_tag-kinderzimmer-tr","15":"product_tag-kueche-tr","16":"product_tag-kurzflor-tr","17":"product_tag-laeufer-tr","18":"product_tag-marmor-optik-tr","19":"product_tag-microfasern-tr","20":"product_tag-oriental-tr","21":"product_tag-orientalisch-tr","22":"product_tag-orientalische-teppiche-tr","23":"product_tag-original-perser-tr","24":"product_tag-perser-tr","25":"product_tag-perser-teppich-tr","26":"product_tag-schlafzimmer-tr","27":"product_tag-teppich-tr","28":"product_tag-teppiche-tr","29":"product_tag-teppichlaeufer-tr","30":"product_tag-wohnzimmer-tr","32":"first","33":"instock","34":"purchasable","35":"product-type-variable"},"_links":{"self":[{"href":"https:\/\/floracarpet.eu\/tr\/wp-json\/wp\/v2\/product\/15419","targetHints":{"allow":["GET"]}}],"collection":[{"href":"https:\/\/floracarpet.eu\/tr\/wp-json\/wp\/v2\/product"}],"about":[{"href":"https:\/\/floracarpet.eu\/tr\/wp-json\/wp\/v2\/types\/product"}],"replies":[{"embeddable":true,"href":"https:\/\/floracarpet.eu\/tr\/wp-json\/wp\/v2\/comments?post=15419"}],"version-history":[{"count":6,"href":"https:\/\/floracarpet.eu\/tr\/wp-json\/wp\/v2\/product\/15419\/revisions"}],"predecessor-version":[{"id":24376,"href":"https:\/\/floracarpet.eu\/tr\/wp-json\/wp\/v2\/product\/15419\/revisions\/24376"}],"wp:featuredmedia":[{"embeddable":true,"href":"https:\/\/floracarpet.eu\/tr\/wp-json\/wp\/v2\/media\/14380"}],"wp:attachment":[{"href":"https:\/\/floracarpet.eu\/tr\/wp-json\/wp\/v2\/media?parent=15419"}],"wp:term":[{"taxonomy":"product_cat","embeddable":true,"href":"https:\/\/floracarpet.eu\/tr\/wp-json\/wp\/v2\/product_cat?post=15419"},{"taxonomy":"product_tag","embeddable":true,"href":"https:\/\/floracarpet.eu\/tr\/wp-json\/wp\/v2\/product_tag?post=15419"}],"curies":[{"name":"wp","href":"https:\/\/api.w.org\/{rel}","templated":true}]}}