{"id":15812,"date":"2022-03-22T06:42:16","date_gmt":"2022-03-22T06:42:16","guid":{"rendered":"http:\/\/devel.florahome.eu\/product\/3399b-bone-d-grey\/"},"modified":"2024-07-09T11:51:18","modified_gmt":"2024-07-09T11:51:18","slug":"3399-durban","status":"publish","type":"product","link":"https:\/\/floracarpet.eu\/tr\/urun\/3399-durban\/","title":{"rendered":"3399 Durban"},"content":{"rendered":"<p>Angesagtes Design und Funktionalit\u00e4t schlie\u00dfen sich aus? Unsere Teppich<strong>\u00a0Durban <\/strong>beweist das Gegenteil. Dank ihrer Florh\u00f6he k\u00f6nnen Sie die stylischen Bodenschmeichler in nahezu jedem Raum platzieren: In Wohn- und Schlafzimmer, im Flur oder im Esszimmer. Die sch\u00f6nen Farben sorgen f\u00fcr Trendgarantie, w\u00e4hrend robuste Materialien die Teppiche pflegeleicht und langlebig machen. Was will man mehr?<\/p>\n","protected":false},"excerpt":{"rendered":"<ul class=\"pl_list--unordered\">\n<li>Schadstoffgepr\u00fcft und zertifiziert<\/li>\n<li>PP Heatset<\/li>\n<li>geometrische Muster<\/li>\n<\/ul>\n","protected":false},"featured_media":20672,"comment_status":"open","ping_status":"closed","template":"","meta":[],"product_cat":[468,203,632],"product_tag":[677,695,678,721,731,722,732,697,665,698,711,681,699,705,733,727,682,701,666,683,667,686],"class_list":{"0":"post-15812","1":"product","2":"type-product","3":"status-publish","4":"has-post-thumbnail","6":"product_cat-frize-tr","7":"product_cat-gabeh-tr","8":"product_cat-wohnzimmer-tr","9":"product_tag-bettvorleger-tr","10":"product_tag-carpet-tr","11":"product_tag-dekoration-tr","12":"product_tag-fussbodenheizung-tr","13":"product_tag-haushalt-tr","14":"product_tag-kinderzimmer-tr","15":"product_tag-kueche-tr","16":"product_tag-kurzflor-tr","17":"product_tag-laeufer-tr","18":"product_tag-marmor-optik-tr","19":"product_tag-microfasern-tr","20":"product_tag-oriental-tr","21":"product_tag-orientalisch-tr","22":"product_tag-orientalische-teppiche-tr","23":"product_tag-original-perser-tr","24":"product_tag-perser-tr","25":"product_tag-perser-teppich-tr","26":"product_tag-schlafzimmer-tr","27":"product_tag-teppich-tr","28":"product_tag-teppiche-tr","29":"product_tag-teppichlaeufer-tr","30":"product_tag-wohnzimmer-tr","32":"first","33":"instock","34":"purchasable","35":"product-type-variable"},"_links":{"self":[{"href":"https:\/\/floracarpet.eu\/tr\/wp-json\/wp\/v2\/product\/15812","targetHints":{"allow":["GET"]}}],"collection":[{"href":"https:\/\/floracarpet.eu\/tr\/wp-json\/wp\/v2\/product"}],"about":[{"href":"https:\/\/floracarpet.eu\/tr\/wp-json\/wp\/v2\/types\/product"}],"replies":[{"embeddable":true,"href":"https:\/\/floracarpet.eu\/tr\/wp-json\/wp\/v2\/comments?post=15812"}],"version-history":[{"count":7,"href":"https:\/\/floracarpet.eu\/tr\/wp-json\/wp\/v2\/product\/15812\/revisions"}],"predecessor-version":[{"id":24383,"href":"https:\/\/floracarpet.eu\/tr\/wp-json\/wp\/v2\/product\/15812\/revisions\/24383"}],"wp:featuredmedia":[{"embeddable":true,"href":"https:\/\/floracarpet.eu\/tr\/wp-json\/wp\/v2\/media\/20672"}],"wp:attachment":[{"href":"https:\/\/floracarpet.eu\/tr\/wp-json\/wp\/v2\/media?parent=15812"}],"wp:term":[{"taxonomy":"product_cat","embeddable":true,"href":"https:\/\/floracarpet.eu\/tr\/wp-json\/wp\/v2\/product_cat?post=15812"},{"taxonomy":"product_tag","embeddable":true,"href":"https:\/\/floracarpet.eu\/tr\/wp-json\/wp\/v2\/product_tag?post=15812"}],"curies":[{"name":"wp","href":"https:\/\/api.w.org\/{rel}","templated":true}]}}