{"id":15932,"date":"2022-03-22T06:30:49","date_gmt":"2022-03-22T06:30:49","guid":{"rendered":"http:\/\/devel.florahome.eu\/product\/1002a-d-brown-l-beige\/"},"modified":"2024-07-09T11:51:52","modified_gmt":"2024-07-09T11:51:52","slug":"1002-lagos","status":"publish","type":"product","link":"https:\/\/floracarpet.eu\/tr\/urun\/1002-lagos\/","title":{"rendered":"1002 Lagos"},"content":{"rendered":"<p>SCHLICHT &amp; DOCH AUSSAGEKR\u00c4FTIG: Ob in Wohnzimmer, Schlafzimmer, Flur &#8211; unser zeitloser Frieze-Teppich <strong>Lagos <\/strong>f\u00fcgt sich optimal in jeden Wohnraum ein. Das gekr\u00e4uselte, weiche Garn macht ihn kuschelig ROBUST, ABER GEM\u00dcTLICH: Der Hochflor (20mm) zu 100% aus Polypropylen ist strapazierf\u00e4hig, leicht zu reinigen und gleichzeitig angenehm flauschig. Mit der R\u00fcckseite aus Jute ist der Teppich f\u00fcr Fu\u00dfbodenheizung geeignet KOMBINIERBAR: Der moderne Klassiker macht alleine schon eine gute Figur, l\u00e4sst sich aber auch optimal mit anderen Modellen aus unserer Flora-Serie kombinieren. In vielen Gr\u00f6\u00dfen erh\u00e4ltlich<\/p>\n","protected":false},"excerpt":{"rendered":"<ul class=\"pl_list--unordered\">\n<li>Schadstoffgepr\u00fcft und zertifiziert<\/li>\n<li>100% PP Frize<\/li>\n<\/ul>\n","protected":false},"featured_media":19764,"comment_status":"open","ping_status":"closed","template":"","meta":[],"product_cat":[468,203,632],"product_tag":[677,695,678,721,731,722,732,697,665,698,711,681,699,705,733,727,682,701,666,683,667,686],"class_list":{"0":"post-15932","1":"product","2":"type-product","3":"status-publish","4":"has-post-thumbnail","6":"product_cat-frize-tr","7":"product_cat-gabeh-tr","8":"product_cat-wohnzimmer-tr","9":"product_tag-bettvorleger-tr","10":"product_tag-carpet-tr","11":"product_tag-dekoration-tr","12":"product_tag-fussbodenheizung-tr","13":"product_tag-haushalt-tr","14":"product_tag-kinderzimmer-tr","15":"product_tag-kueche-tr","16":"product_tag-kurzflor-tr","17":"product_tag-laeufer-tr","18":"product_tag-marmor-optik-tr","19":"product_tag-microfasern-tr","20":"product_tag-oriental-tr","21":"product_tag-orientalisch-tr","22":"product_tag-orientalische-teppiche-tr","23":"product_tag-original-perser-tr","24":"product_tag-perser-tr","25":"product_tag-perser-teppich-tr","26":"product_tag-schlafzimmer-tr","27":"product_tag-teppich-tr","28":"product_tag-teppiche-tr","29":"product_tag-teppichlaeufer-tr","30":"product_tag-wohnzimmer-tr","32":"first","33":"instock","34":"purchasable","35":"product-type-variable"},"_links":{"self":[{"href":"https:\/\/floracarpet.eu\/tr\/wp-json\/wp\/v2\/product\/15932","targetHints":{"allow":["GET"]}}],"collection":[{"href":"https:\/\/floracarpet.eu\/tr\/wp-json\/wp\/v2\/product"}],"about":[{"href":"https:\/\/floracarpet.eu\/tr\/wp-json\/wp\/v2\/types\/product"}],"replies":[{"embeddable":true,"href":"https:\/\/floracarpet.eu\/tr\/wp-json\/wp\/v2\/comments?post=15932"}],"version-history":[{"count":10,"href":"https:\/\/floracarpet.eu\/tr\/wp-json\/wp\/v2\/product\/15932\/revisions"}],"predecessor-version":[{"id":24389,"href":"https:\/\/floracarpet.eu\/tr\/wp-json\/wp\/v2\/product\/15932\/revisions\/24389"}],"wp:featuredmedia":[{"embeddable":true,"href":"https:\/\/floracarpet.eu\/tr\/wp-json\/wp\/v2\/media\/19764"}],"wp:attachment":[{"href":"https:\/\/floracarpet.eu\/tr\/wp-json\/wp\/v2\/media?parent=15932"}],"wp:term":[{"taxonomy":"product_cat","embeddable":true,"href":"https:\/\/floracarpet.eu\/tr\/wp-json\/wp\/v2\/product_cat?post=15932"},{"taxonomy":"product_tag","embeddable":true,"href":"https:\/\/floracarpet.eu\/tr\/wp-json\/wp\/v2\/product_tag?post=15932"}],"curies":[{"name":"wp","href":"https:\/\/api.w.org\/{rel}","templated":true}]}}