{"id":22660,"date":"2024-03-07T09:39:01","date_gmt":"2024-03-07T09:39:01","guid":{"rendered":"https:\/\/floracarpet.eu\/product\/1399-fluffy\/"},"modified":"2024-07-09T08:15:41","modified_gmt":"2024-07-09T08:15:41","slug":"1399-fluffy","status":"publish","type":"product","link":"https:\/\/floracarpet.eu\/tr\/urun\/1399-fluffy\/","title":{"rendered":"1399 Badematte"},"content":{"rendered":"<p><span style=\"color: var(--rz-text-color); font-family: var(--rz-font-family-primary);\">Unifarbene Badematte \u2013 Bring Stil nach Zuhause Wolkenweiches Feeling f\u00fcr die Fu\u00dfsohlen : mit den Badteppichen aus der Flora Kollektion wird barfu\u00df laufen im Badezimmer zum Genuss. Gestalten Sie Ihr Badezimmer mit diesem trendigen Heimtextil. Die unfassbar kuschelweiche Oberfl\u00e4che sorgt f\u00fcr angenehm warme F\u00fc\u00dfe und h\u00e4lt zudem den Boden trocken. Au\u00dferdem verhindert die rutschhemmende Unterseite ein Wegrutschen des Teppiches auf glattem Boden. Die Badteppiche eignen sich f\u00fcr B\u00e4der mit Fu\u00dfbodenheizungen. Das Material ist auch sch\u00f6n pflegeleicht (30 \u00b0C maschinenwaschbar \u2013 Linie trocknen \u2013 nur chlorfrei Bleichen, wenn n\u00f6tig \u2013 nicht b\u00fcgeln). Die erh\u00e4ltlichen Gr\u00f6\u00dfen passen in jedes Bad, egal ob vor der Dusche, der Badewanne oder dem Waschbecken und die verschiedenen Farben erleichtern die Kombination mit anderen Bad-Accessoires perfekt.<\/span><\/p>\n","protected":false},"excerpt":{"rendered":"<ul class=\"pl_list--unordered\">\n<li>1 kg\/m\u00b2 , 25 mm Gesamth\u00f6he<\/li>\n<li>20 Grad maschinenwaschbar<\/li>\n<li>F\u00fcr Fu\u00dfbodenheizung geeignet<\/li>\n<li>Besonders weich und flauschig<\/li>\n<li>Rutschsichere R\u00fcckseite<\/li>\n<\/ul>\n","protected":false},"featured_media":22100,"comment_status":"open","ping_status":"closed","template":"","meta":[],"product_cat":[631,483,332],"product_tag":[662,663,664,665,666,667,668,669],"class_list":{"0":"post-22660","1":"product","2":"type-product","3":"status-publish","4":"has-post-thumbnail","6":"product_cat-badezimmer-tr","7":"product_cat-banyo-paspasi","8":"product_cat-yikanabilir","9":"product_tag-badematte-tr","10":"product_tag-badezimmer-tr","11":"product_tag-fussboden-heizung-tr","12":"product_tag-laeufer-tr","13":"product_tag-teppich-tr","14":"product_tag-teppichlaeufer-tr","15":"product_tag-waschbar-tr","16":"product_tag-waschbare-teppiche-tr","18":"first","19":"instock","20":"purchasable","21":"product-type-variable","22":"has-default-attributes"},"_links":{"self":[{"href":"https:\/\/floracarpet.eu\/tr\/wp-json\/wp\/v2\/product\/22660","targetHints":{"allow":["GET"]}}],"collection":[{"href":"https:\/\/floracarpet.eu\/tr\/wp-json\/wp\/v2\/product"}],"about":[{"href":"https:\/\/floracarpet.eu\/tr\/wp-json\/wp\/v2\/types\/product"}],"replies":[{"embeddable":true,"href":"https:\/\/floracarpet.eu\/tr\/wp-json\/wp\/v2\/comments?post=22660"}],"version-history":[{"count":2,"href":"https:\/\/floracarpet.eu\/tr\/wp-json\/wp\/v2\/product\/22660\/revisions"}],"predecessor-version":[{"id":22969,"href":"https:\/\/floracarpet.eu\/tr\/wp-json\/wp\/v2\/product\/22660\/revisions\/22969"}],"wp:featuredmedia":[{"embeddable":true,"href":"https:\/\/floracarpet.eu\/tr\/wp-json\/wp\/v2\/media\/22100"}],"wp:attachment":[{"href":"https:\/\/floracarpet.eu\/tr\/wp-json\/wp\/v2\/media?parent=22660"}],"wp:term":[{"taxonomy":"product_cat","embeddable":true,"href":"https:\/\/floracarpet.eu\/tr\/wp-json\/wp\/v2\/product_cat?post=22660"},{"taxonomy":"product_tag","embeddable":true,"href":"https:\/\/floracarpet.eu\/tr\/wp-json\/wp\/v2\/product_tag?post=22660"}],"curies":[{"name":"wp","href":"https:\/\/api.w.org\/{rel}","templated":true}]}}