{"id":22670,"date":"2024-03-07T08:59:57","date_gmt":"2024-03-07T08:59:57","guid":{"rendered":"https:\/\/floracarpet.eu\/product\/6323-istanbul\/"},"modified":"2025-01-01T00:13:42","modified_gmt":"2025-01-01T00:13:42","slug":"6323-istanbul","status":"publish","type":"product","link":"https:\/\/floracarpet.eu\/tr\/urun\/6323-istanbul\/","title":{"rendered":"6323 Istanbul"},"content":{"rendered":"<p>Der rechteckige Teppich <strong>Istanbul <\/strong>sorgt f\u00fcr eine moderne Note. Genau richtig im Wohnzimmer oder im Schlafzimmer &#8211; gestalte einfach durch l\u00e4ssig-elegante Einrichtung einen pers\u00f6nlichen Touch f\u00fcr ein angenehmes Wohngef\u00fchl. Die tolle optische Wirkung entsteht neben dem sch\u00f6n herausgearbeiteten Muster auch durch den Hoch- Tief- Effekt. Die verarbeiteten Materialien machen diesen Teppich besonders strapazierf\u00e4hig, robust und dabei pflegeleicht. Auch die hartn\u00e4ckigen Flecken lassen sich leicht mit einem handels\u00fcblichen Teppichschaum entfernen. Besonders praktisch : In R\u00e4umen mit einer Fu\u00dfbodenheizung kann der Teppich auch problemlos ausgelegt werden.<\/p>\n","protected":false},"excerpt":{"rendered":"<ul class=\"pl_list--unordered\">\n<li>2,1 kg\/m\u00b2 , 10mm Gesamth\u00f6he<\/li>\n<li>F\u00fcr Fu\u00dfbodenheizung geeignet<\/li>\n<li>Flachgewebt<\/li>\n<li>leichter Hoch-Tief Effekt<\/li>\n<li>Schadstoffgepr\u00fcft und Zertifiziert<\/li>\n<\/ul>\n","protected":false},"featured_media":21295,"comment_status":"open","ping_status":"closed","template":"","meta":[],"product_cat":[486,330,632],"product_tag":[677,678,679,680,681,682,666,683,667,684,685,686],"class_list":{"0":"post-22670","1":"product","2":"type-product","3":"status-publish","4":"has-post-thumbnail","6":"product_cat-harmony-tr","7":"product_cat-polyester-tr","8":"product_cat-wohnzimmer-tr","9":"product_tag-bettvorleger-tr","10":"product_tag-dekoration-tr","11":"product_tag-kuechenlaeufer-tr","12":"product_tag-microfaser-tr","13":"product_tag-oriental-tr","14":"product_tag-perser-teppich-tr","15":"product_tag-teppich-tr","16":"product_tag-teppiche-tr","17":"product_tag-teppichlaeufer-tr","18":"product_tag-vintage-teppich-tr","19":"product_tag-waschbare-teppich-tr","20":"product_tag-wohnzimmer-tr","22":"first","23":"instock","24":"purchasable","25":"product-type-variable","26":"has-default-attributes"},"_links":{"self":[{"href":"https:\/\/floracarpet.eu\/tr\/wp-json\/wp\/v2\/product\/22670","targetHints":{"allow":["GET"]}}],"collection":[{"href":"https:\/\/floracarpet.eu\/tr\/wp-json\/wp\/v2\/product"}],"about":[{"href":"https:\/\/floracarpet.eu\/tr\/wp-json\/wp\/v2\/types\/product"}],"replies":[{"embeddable":true,"href":"https:\/\/floracarpet.eu\/tr\/wp-json\/wp\/v2\/comments?post=22670"}],"version-history":[{"count":6,"href":"https:\/\/floracarpet.eu\/tr\/wp-json\/wp\/v2\/product\/22670\/revisions"}],"predecessor-version":[{"id":24326,"href":"https:\/\/floracarpet.eu\/tr\/wp-json\/wp\/v2\/product\/22670\/revisions\/24326"}],"wp:featuredmedia":[{"embeddable":true,"href":"https:\/\/floracarpet.eu\/tr\/wp-json\/wp\/v2\/media\/21295"}],"wp:attachment":[{"href":"https:\/\/floracarpet.eu\/tr\/wp-json\/wp\/v2\/media?parent=22670"}],"wp:term":[{"taxonomy":"product_cat","embeddable":true,"href":"https:\/\/floracarpet.eu\/tr\/wp-json\/wp\/v2\/product_cat?post=22670"},{"taxonomy":"product_tag","embeddable":true,"href":"https:\/\/floracarpet.eu\/tr\/wp-json\/wp\/v2\/product_tag?post=22670"}],"curies":[{"name":"wp","href":"https:\/\/api.w.org\/{rel}","templated":true}]}}