{"id":22733,"date":"2024-03-06T12:59:13","date_gmt":"2024-03-06T12:59:13","guid":{"rendered":"https:\/\/floracarpet.eu\/product\/2391a-vlora\/"},"modified":"2025-01-01T00:13:35","modified_gmt":"2025-01-01T00:13:35","slug":"2391-vlora","status":"publish","type":"product","link":"https:\/\/floracarpet.eu\/tr\/urun\/2391-vlora\/","title":{"rendered":"2391 Vlora"},"content":{"rendered":"<p>Der rechteckige Teppich <strong>Vlora <\/strong>von Flora sorgt f\u00fcr eine moderne Note. Genau richtig im Wohnzimmer oder im Schlafzimmer &#8211; gestalte einfach durch l\u00e4ssig-elegante Einrichtung einen pers\u00f6nlichen Touch f\u00fcr ein angenehmes Wohngef\u00fchl. Die tolle optische Wirkung entsteht neben dem sch\u00f6n herausgearbeiteten Muster auch durch den Hoch- Tief- Effekt. Die verarbeiteten Materialien machen diesen Teppich besonders strapazierf\u00e4hig, robust und dabei pflegeleicht. Auch die hartn\u00e4ckigen Flecken lassen sich leicht mit einem handels\u00fcblichen Teppichschaum entfernen. Besonders praktisch : In R\u00e4umen mit einer Fu\u00dfbodenheizung kann der Teppich auch problemlos ausgelegt werden.<\/p>\n","protected":false},"excerpt":{"rendered":"<ul class=\"pl_list--unordered\">\n<li>2,1 kg\/m\u00b2 , 10 mm Gesamth\u00f6he<\/li>\n<li>F\u00fcr Fu\u00dfbodenheizung geeignet<\/li>\n<li>Schadstoffgepr\u00fcfft und Zertifiziert<\/li>\n<li>R\u00fcckenmaterial Jute<\/li>\n<li>Kurzflor mit Hochtief Effekt<\/li>\n<\/ul>\n","protected":false},"featured_media":21049,"comment_status":"open","ping_status":"closed","template":"","meta":[],"product_cat":[259,330,632],"product_tag":[677,695,678,721,731,722,732,697,665,698,711,681,699,705,733,727,682,701,666,683,667,686],"class_list":{"0":"post-22733","1":"product","2":"type-product","3":"status-publish","4":"has-post-thumbnail","6":"product_cat-lotus-tr","7":"product_cat-polyester-tr","8":"product_cat-wohnzimmer-tr","9":"product_tag-bettvorleger-tr","10":"product_tag-carpet-tr","11":"product_tag-dekoration-tr","12":"product_tag-fussbodenheizung-tr","13":"product_tag-haushalt-tr","14":"product_tag-kinderzimmer-tr","15":"product_tag-kueche-tr","16":"product_tag-kurzflor-tr","17":"product_tag-laeufer-tr","18":"product_tag-marmor-optik-tr","19":"product_tag-microfasern-tr","20":"product_tag-oriental-tr","21":"product_tag-orientalisch-tr","22":"product_tag-orientalische-teppiche-tr","23":"product_tag-original-perser-tr","24":"product_tag-perser-tr","25":"product_tag-perser-teppich-tr","26":"product_tag-schlafzimmer-tr","27":"product_tag-teppich-tr","28":"product_tag-teppiche-tr","29":"product_tag-teppichlaeufer-tr","30":"product_tag-wohnzimmer-tr","32":"first","33":"instock","34":"purchasable","35":"product-type-variable","36":"has-default-attributes"},"_links":{"self":[{"href":"https:\/\/floracarpet.eu\/tr\/wp-json\/wp\/v2\/product\/22733","targetHints":{"allow":["GET"]}}],"collection":[{"href":"https:\/\/floracarpet.eu\/tr\/wp-json\/wp\/v2\/product"}],"about":[{"href":"https:\/\/floracarpet.eu\/tr\/wp-json\/wp\/v2\/types\/product"}],"replies":[{"embeddable":true,"href":"https:\/\/floracarpet.eu\/tr\/wp-json\/wp\/v2\/comments?post=22733"}],"version-history":[{"count":5,"href":"https:\/\/floracarpet.eu\/tr\/wp-json\/wp\/v2\/product\/22733\/revisions"}],"predecessor-version":[{"id":24342,"href":"https:\/\/floracarpet.eu\/tr\/wp-json\/wp\/v2\/product\/22733\/revisions\/24342"}],"wp:featuredmedia":[{"embeddable":true,"href":"https:\/\/floracarpet.eu\/tr\/wp-json\/wp\/v2\/media\/21049"}],"wp:attachment":[{"href":"https:\/\/floracarpet.eu\/tr\/wp-json\/wp\/v2\/media?parent=22733"}],"wp:term":[{"taxonomy":"product_cat","embeddable":true,"href":"https:\/\/floracarpet.eu\/tr\/wp-json\/wp\/v2\/product_cat?post=22733"},{"taxonomy":"product_tag","embeddable":true,"href":"https:\/\/floracarpet.eu\/tr\/wp-json\/wp\/v2\/product_tag?post=22733"}],"curies":[{"name":"wp","href":"https:\/\/api.w.org\/{rel}","templated":true}]}}